{"id":91794,"date":"2019-07-11T13:58:39","date_gmt":"2019-07-11T13:58:39","guid":{"rendered":"https:\/\/www.3p-gmbh.de\/produkt\/maquina-ranuradora-y-perforadora-bickel-hk-3-68\/"},"modified":"2019-07-11T13:58:39","modified_gmt":"2019-07-11T13:58:39","slug":"perforador-de-ranuras-3","status":"publish","type":"product","link":"https:\/\/www.3p-gmbh.de\/es\/produkt\/perforador-de-ranuras-3\/","title":{"rendered":"M\u00e1quina ranuradora y perforadora Bickel HK 3-68"},"content":{"rendered":"<p>Con una anchura de trabajo de 68 cm, la m\u00e1quina se utiliza para trabajos econ\u00f3micos de perforaci\u00f3n o ranurado. El proceso de punzonado se realiza mediante un embrague el\u00e9ctrico accionado con el pie. Esto deja ambas manos libres para aplicar y alinear los arcos.<\/p>\n<p>Accesorios<br \/>\n1 peine perforador de 1 mm<br \/>\n1 peine ranurado giratorio 1 y 2 mm<br \/>\n1 peine para encuadernaci\u00f3n sprial di\u00e1metro 4mm<br \/>\n1 peine paso 3:1 calendario 4x4mm dividido para doble uso<\/p>\n<p>&#8211; Lubricaci\u00f3n central<br \/>\n&#8211; 380 V<\/p>\n","protected":false},"excerpt":{"rendered":"<p>Con una anchura de trabajo de 68 cm, la m\u00e1quina se utiliza para trabajos econ\u00f3micos de perforaci\u00f3n o ranurado. El proceso de punzonado se realiza mediante un embrague el\u00e9ctrico accionado con el pie. Esto deja ambas manos libres para aplicar y alinear los arcos. Accesorios 1 peine perforador de 1 mm 1 peine ranurado giratorio [&hellip;]<\/p>\n","protected":false},"featured_media":69283,"template":"","meta":[],"product_brand":[],"product_cat":[2959],"product_tag":[],"class_list":{"0":"post-91794","1":"product","2":"type-product","3":"status-publish","4":"has-post-thumbnail","6":"product_cat-maquinas-ranuradoras-y-perforadoras","7":"pa_baujahr-345","8":"pa_hersteller-bickel","9":"pa_typ-hk-3-68","11":"first","12":"instock","13":"sold-individually","14":"taxable","15":"shipping-taxable","16":"purchasable","17":"product-type-simple"},"jetpack_sharing_enabled":true,"_links":{"self":[{"href":"https:\/\/www.3p-gmbh.de\/es\/wp-json\/wp\/v2\/product\/91794","targetHints":{"allow":["GET"]}}],"collection":[{"href":"https:\/\/www.3p-gmbh.de\/es\/wp-json\/wp\/v2\/product"}],"about":[{"href":"https:\/\/www.3p-gmbh.de\/es\/wp-json\/wp\/v2\/types\/product"}],"wp:featuredmedia":[{"embeddable":true,"href":"https:\/\/www.3p-gmbh.de\/es\/wp-json\/wp\/v2\/media\/69283"}],"wp:attachment":[{"href":"https:\/\/www.3p-gmbh.de\/es\/wp-json\/wp\/v2\/media?parent=91794"}],"wp:term":[{"taxonomy":"product_brand","embeddable":true,"href":"https:\/\/www.3p-gmbh.de\/es\/wp-json\/wp\/v2\/product_brand?post=91794"},{"taxonomy":"product_cat","embeddable":true,"href":"https:\/\/www.3p-gmbh.de\/es\/wp-json\/wp\/v2\/product_cat?post=91794"},{"taxonomy":"product_tag","embeddable":true,"href":"https:\/\/www.3p-gmbh.de\/es\/wp-json\/wp\/v2\/product_tag?post=91794"}],"curies":[{"name":"wp","href":"https:\/\/api.w.org\/{rel}","templated":true}]}}