{"id":91781,"date":"2019-07-11T13:58:39","date_gmt":"2019-07-11T13:58:39","guid":{"rendered":"https:\/\/www.3p-gmbh.de\/produkt\/busch-sw-104-l-volteadora-de-pilas\/"},"modified":"2019-07-11T13:58:39","modified_gmt":"2019-07-11T13:58:39","slug":"pila-turner-8","status":"publish","type":"product","link":"https:\/\/www.3p-gmbh.de\/es\/produkt\/pila-turner-8\/","title":{"rendered":"Busch SW 104 L Volteadora de pilas"},"content":{"rendered":"<p>con horquillas de soporte ajustables y ventilaci\u00f3n con boquillas de aire m\u00f3viles en posici\u00f3n de 90\u00b0.<br \/>\nAnchura de paleta 80-118cm<br \/>\nAltura de apilado incl. Paletas 50-140cm<br \/>\nCapacidad de carga 1000 kg<br \/>\nTiempo de giro aprox. 30 seg.<br \/>\nTiempo de cierre y apertura en funci\u00f3n de la altura del palet 0-25 seg.<br \/>\nDimensiones L 240 x An 160 x Al 140 cm<br \/>\nPeso neto 860 kg<\/p>\n","protected":false},"excerpt":{"rendered":"<p>con horquillas de soporte ajustables y ventilaci\u00f3n con boquillas de aire m\u00f3viles en posici\u00f3n de 90\u00b0. Anchura de paleta 80-118cm Altura de apilado incl. Paletas 50-140cm Capacidad de carga 1000 kg Tiempo de giro aprox. 30 seg. Tiempo de cierre y apertura en funci\u00f3n de la altura del palet 0-25 seg. Dimensiones L 240 x [&hellip;]<\/p>\n","protected":false},"featured_media":69235,"template":"","meta":[],"product_brand":[],"product_cat":[2900],"product_tag":[],"class_list":{"0":"post-91781","1":"product","2":"type-product","3":"status-publish","4":"has-post-thumbnail","6":"product_cat-volteador-de-pilas","7":"pa_baujahr-262","8":"pa_hersteller-busch","9":"pa_typ-sw-104-l","11":"first","12":"instock","13":"sold-individually","14":"taxable","15":"shipping-taxable","16":"purchasable","17":"product-type-simple"},"jetpack_sharing_enabled":true,"_links":{"self":[{"href":"https:\/\/www.3p-gmbh.de\/es\/wp-json\/wp\/v2\/product\/91781","targetHints":{"allow":["GET"]}}],"collection":[{"href":"https:\/\/www.3p-gmbh.de\/es\/wp-json\/wp\/v2\/product"}],"about":[{"href":"https:\/\/www.3p-gmbh.de\/es\/wp-json\/wp\/v2\/types\/product"}],"wp:featuredmedia":[{"embeddable":true,"href":"https:\/\/www.3p-gmbh.de\/es\/wp-json\/wp\/v2\/media\/69235"}],"wp:attachment":[{"href":"https:\/\/www.3p-gmbh.de\/es\/wp-json\/wp\/v2\/media?parent=91781"}],"wp:term":[{"taxonomy":"product_brand","embeddable":true,"href":"https:\/\/www.3p-gmbh.de\/es\/wp-json\/wp\/v2\/product_brand?post=91781"},{"taxonomy":"product_cat","embeddable":true,"href":"https:\/\/www.3p-gmbh.de\/es\/wp-json\/wp\/v2\/product_cat?post=91781"},{"taxonomy":"product_tag","embeddable":true,"href":"https:\/\/www.3p-gmbh.de\/es\/wp-json\/wp\/v2\/product_tag?post=91781"}],"curies":[{"name":"wp","href":"https:\/\/api.w.org\/{rel}","templated":true}]}}