{"id":91776,"date":"2019-07-11T13:58:39","date_gmt":"2019-07-11T13:58:39","guid":{"rendered":"https:\/\/www.3p-gmbh.de\/produkt\/volteadora-de-pilas-rachner-rd-800\/"},"modified":"2019-07-11T13:58:39","modified_gmt":"2019-07-11T13:58:39","slug":"volteador-de-pilas-7","status":"publish","type":"product","link":"https:\/\/www.3p-gmbh.de\/es\/produkt\/volteador-de-pilas-7\/","title":{"rendered":"Volteadora de pilas Rachner RD 800"},"content":{"rendered":"<p>&#8211; con ventilaci\u00f3n por ventilador de frecuencia regulada<br \/>\n&#8211; Plataforma 600x900mm<br \/>\n&#8211; m\u00e1x. Apertura 1330mm<br \/>\n&#8211; min. Apertura 565 mm<br \/>\n&#8211; Dimensiones L 1900 x A 1100<br \/>\n&#8211; Di\u00e1metro de giro 1600 mm<\/p>\n","protected":false},"excerpt":{"rendered":"<p>&#8211; con ventilaci\u00f3n por ventilador de frecuencia regulada &#8211; Plataforma 600x900mm &#8211; m\u00e1x. Apertura 1330mm &#8211; min. Apertura 565 mm &#8211; Dimensiones L 1900 x A 1100 &#8211; Di\u00e1metro de giro 1600 mm<\/p>\n","protected":false},"featured_media":69226,"template":"","meta":[],"product_brand":[],"product_cat":[2900],"product_tag":[],"class_list":{"0":"post-91776","1":"product","2":"type-product","3":"status-publish","4":"has-post-thumbnail","6":"product_cat-volteador-de-pilas","7":"pa_baujahr-188","8":"pa_hersteller-manfred-rachner","9":"pa_typ-rd-800","11":"first","12":"instock","13":"sold-individually","14":"taxable","15":"shipping-taxable","16":"purchasable","17":"product-type-simple"},"jetpack_sharing_enabled":true,"_links":{"self":[{"href":"https:\/\/www.3p-gmbh.de\/es\/wp-json\/wp\/v2\/product\/91776","targetHints":{"allow":["GET"]}}],"collection":[{"href":"https:\/\/www.3p-gmbh.de\/es\/wp-json\/wp\/v2\/product"}],"about":[{"href":"https:\/\/www.3p-gmbh.de\/es\/wp-json\/wp\/v2\/types\/product"}],"wp:featuredmedia":[{"embeddable":true,"href":"https:\/\/www.3p-gmbh.de\/es\/wp-json\/wp\/v2\/media\/69226"}],"wp:attachment":[{"href":"https:\/\/www.3p-gmbh.de\/es\/wp-json\/wp\/v2\/media?parent=91776"}],"wp:term":[{"taxonomy":"product_brand","embeddable":true,"href":"https:\/\/www.3p-gmbh.de\/es\/wp-json\/wp\/v2\/product_brand?post=91776"},{"taxonomy":"product_cat","embeddable":true,"href":"https:\/\/www.3p-gmbh.de\/es\/wp-json\/wp\/v2\/product_cat?post=91776"},{"taxonomy":"product_tag","embeddable":true,"href":"https:\/\/www.3p-gmbh.de\/es\/wp-json\/wp\/v2\/product_tag?post=91776"}],"curies":[{"name":"wp","href":"https:\/\/api.w.org\/{rel}","templated":true}]}}