{"id":91772,"date":"2019-07-11T13:58:39","date_gmt":"2019-07-11T13:58:39","guid":{"rendered":"https:\/\/www.3p-gmbh.de\/produkt\/apilador-hunkeler-as-1000\/"},"modified":"2019-07-11T13:58:39","modified_gmt":"2019-07-11T13:58:39","slug":"apilador-3","status":"publish","type":"product","link":"https:\/\/www.3p-gmbh.de\/es\/produkt\/apilador-3\/","title":{"rendered":"Apilador Hunkeler AS-1000"},"content":{"rendered":"<p>&#8211; Capacidad de carga 1000 kg<br \/>\n&#8211; Carrera m\u00e1x. 700 mm, ajustable<br \/>\n&#8211; mediante interruptor de pedal o interruptor manual en modo punta<br \/>\n&#8211; Tama\u00f1o de la paleta 800&#215;1200<br \/>\n&#8211; dos placas de tope ajustables 110x61cm y 650x61cm<br \/>\n&#8211; 380V 0,37 KW<br \/>\n&#8211; Utilizaci\u00f3n: detr\u00e1s de plegadoras, engrapadoras para colocar los paquetes con precisi\u00f3n en los pal\u00e9s<\/p>\n","protected":false},"excerpt":{"rendered":"<p>&#8211; Capacidad de carga 1000 kg &#8211; Carrera m\u00e1x. 700 mm, ajustable &#8211; mediante interruptor de pedal o interruptor manual en modo punta &#8211; Tama\u00f1o de la paleta 800&#215;1200 &#8211; dos placas de tope ajustables 110x61cm y 650x61cm &#8211; 380V 0,37 KW &#8211; Utilizaci\u00f3n: detr\u00e1s de plegadoras, engrapadoras para colocar los paquetes con precisi\u00f3n en [&hellip;]<\/p>\n","protected":false},"featured_media":69214,"template":"","meta":[],"product_brand":[],"product_cat":[2975],"product_tag":[],"class_list":{"0":"post-91772","1":"product","2":"type-product","3":"status-publish","4":"has-post-thumbnail","6":"product_cat-elevadores-y-apiladores","7":"pa_hersteller-hunkeler","8":"pa_typ-as-1000","10":"first","11":"instock","12":"sold-individually","13":"taxable","14":"shipping-taxable","15":"purchasable","16":"product-type-simple"},"jetpack_sharing_enabled":true,"_links":{"self":[{"href":"https:\/\/www.3p-gmbh.de\/es\/wp-json\/wp\/v2\/product\/91772","targetHints":{"allow":["GET"]}}],"collection":[{"href":"https:\/\/www.3p-gmbh.de\/es\/wp-json\/wp\/v2\/product"}],"about":[{"href":"https:\/\/www.3p-gmbh.de\/es\/wp-json\/wp\/v2\/types\/product"}],"wp:featuredmedia":[{"embeddable":true,"href":"https:\/\/www.3p-gmbh.de\/es\/wp-json\/wp\/v2\/media\/69214"}],"wp:attachment":[{"href":"https:\/\/www.3p-gmbh.de\/es\/wp-json\/wp\/v2\/media?parent=91772"}],"wp:term":[{"taxonomy":"product_brand","embeddable":true,"href":"https:\/\/www.3p-gmbh.de\/es\/wp-json\/wp\/v2\/product_brand?post=91772"},{"taxonomy":"product_cat","embeddable":true,"href":"https:\/\/www.3p-gmbh.de\/es\/wp-json\/wp\/v2\/product_cat?post=91772"},{"taxonomy":"product_tag","embeddable":true,"href":"https:\/\/www.3p-gmbh.de\/es\/wp-json\/wp\/v2\/product_tag?post=91772"}],"curies":[{"name":"wp","href":"https:\/\/api.w.org\/{rel}","templated":true}]}}