{"id":91770,"date":"2019-07-11T13:58:39","date_gmt":"2019-07-11T13:58:39","guid":{"rendered":"https:\/\/www.3p-gmbh.de\/produkt\/taladradora-de-papel-de-2-husillos-ernst-nagel-citoborma-280-b\/"},"modified":"2019-07-11T13:58:39","modified_gmt":"2019-07-11T13:58:39","slug":"taladradora-de-papel-de-2-husillos","status":"publish","type":"product","link":"https:\/\/www.3p-gmbh.de\/es\/produkt\/taladradora-de-papel-de-2-husillos\/","title":{"rendered":"Taladradora de papel de 2 husillos Ernst Nagel Citoborma 280 B"},"content":{"rendered":"<p>P\u00f3rtico resistente a la torsi\u00f3n para mayor precisi\u00f3n y durabilidad<br \/>\nDesbloqueo por pedal o manual mediante palanca<br \/>\nAltura de apilado 60 mm<br \/>\nAnchura de inserci\u00f3n 410 mm en mesa corredera<br \/>\nCompensaci\u00f3n de la longitud de perforaci\u00f3n<br \/>\nDi\u00e1metro del orificio 2 &#8211; 14 mm<br \/>\ndos cabezales de perforaci\u00f3n ajustables en distancia 45-12mm entre s\u00ed<br \/>\nDistancia entre agujeros m\u00e1x. 410 mm<br \/>\nDistancia entre agujeros m\u00edn. 6 mm<br \/>\nSuperficie base 850 x 580 mm<br \/>\nAltura 1550mm<br \/>\nPeso aproximado 120 kg<\/p>\n","protected":false},"excerpt":{"rendered":"<p>P\u00f3rtico resistente a la torsi\u00f3n para mayor precisi\u00f3n y durabilidad Desbloqueo por pedal o manual mediante palanca Altura de apilado 60 mm Anchura de inserci\u00f3n 410 mm en mesa corredera Compensaci\u00f3n de la longitud de perforaci\u00f3n Di\u00e1metro del orificio 2 &#8211; 14 mm dos cabezales de perforaci\u00f3n ajustables en distancia 45-12mm entre s\u00ed Distancia entre [&hellip;]<\/p>\n","protected":false},"featured_media":69208,"template":"","meta":[],"product_brand":[],"product_cat":[2956],"product_tag":[],"class_list":{"0":"post-91770","1":"product","2":"type-product","3":"status-publish","4":"has-post-thumbnail","6":"product_cat-taladros-de-papel","7":"pa_hersteller-ernst-nagel","8":"pa_typ-citoborma-280-b","10":"first","11":"instock","12":"sold-individually","13":"taxable","14":"shipping-taxable","15":"purchasable","16":"product-type-simple"},"jetpack_sharing_enabled":true,"_links":{"self":[{"href":"https:\/\/www.3p-gmbh.de\/es\/wp-json\/wp\/v2\/product\/91770","targetHints":{"allow":["GET"]}}],"collection":[{"href":"https:\/\/www.3p-gmbh.de\/es\/wp-json\/wp\/v2\/product"}],"about":[{"href":"https:\/\/www.3p-gmbh.de\/es\/wp-json\/wp\/v2\/types\/product"}],"wp:featuredmedia":[{"embeddable":true,"href":"https:\/\/www.3p-gmbh.de\/es\/wp-json\/wp\/v2\/media\/69208"}],"wp:attachment":[{"href":"https:\/\/www.3p-gmbh.de\/es\/wp-json\/wp\/v2\/media?parent=91770"}],"wp:term":[{"taxonomy":"product_brand","embeddable":true,"href":"https:\/\/www.3p-gmbh.de\/es\/wp-json\/wp\/v2\/product_brand?post=91770"},{"taxonomy":"product_cat","embeddable":true,"href":"https:\/\/www.3p-gmbh.de\/es\/wp-json\/wp\/v2\/product_cat?post=91770"},{"taxonomy":"product_tag","embeddable":true,"href":"https:\/\/www.3p-gmbh.de\/es\/wp-json\/wp\/v2\/product_tag?post=91770"}],"curies":[{"name":"wp","href":"https:\/\/api.w.org\/{rel}","templated":true}]}}