{"id":91758,"date":"2019-07-11T13:58:49","date_gmt":"2019-07-11T13:58:49","guid":{"rendered":"https:\/\/www.3p-gmbh.de\/produkt\/troqueladora-de-alta-velocidad-totalmente-automatica-renz-341-2-r\/"},"modified":"2019-07-11T13:58:49","modified_gmt":"2019-07-11T13:58:49","slug":"troqueladora-de-alto-rendimiento-totalmente-automatica","status":"publish","type":"product","link":"https:\/\/www.3p-gmbh.de\/es\/produkt\/troqueladora-de-alto-rendimiento-totalmente-automatica\/","title":{"rendered":"Troqueladora de alta velocidad totalmente autom\u00e1tica Renz 341-2 R"},"content":{"rendered":"<p>Troqueladora autom\u00e1tica de alto rendimiento Renz Kugler 341-2R para calendarios y carpetas de anillas<br \/>\n1 herramienta para calendario (50 cm, paso 3:1, 4,5&#215;4,5 mm con orificio para el pulgar)<br \/>\n1 herramienta para carpetas de anillas (aprox. 32 cm, paso 3:1, 6,5&#215;6,5 mm)<br \/>\n1 herramienta para carpetas de anillas (aprox. 32 cm, paso 2:1, orificio redondo de 4,5 mm)<\/p>\n<p>Manejadas c\u00f3modamente por una sola persona, las punzonadoras Kugler trabajan en los espacios m\u00e1s reducidos. Con alimentador non-stop y suave entrada de material desde arriba. Procesamiento sin problemas de materiales mixtos (por ejemplo, cart\u00f3n y pl\u00e1stico). Una alineaci\u00f3n precisa antes del proceso de punzonado garantiza la m\u00e1xima precisi\u00f3n. Para perforar insertos de carpetas de anillas, hojas de calendario e \u00edndice de cart\u00f3n y pl\u00e1stico, papel para art\u00edculos encuadernados con alambre y mucho m\u00e1s.<\/p>\n<p>El cambio de herramienta s\u00f3lo requiere unos pocos movimientos de la mano. Tras el troquelado, una rueda giratoria garantiza que se mantenga la secuencia de productos impresos y numerados transportados a una entrega. Ajuste preciso y sencillo de los registros.<\/p>\n<p>Prestaciones<br \/>\n&#8211; Muy bajo mantenimiento<br \/>\n&#8211; Alta eficacia<br \/>\n&#8211; f\u00e1cil de usar<br \/>\n&#8211; Cambio de formato m\u00e1s r\u00e1pido<\/p>\n<p>Datos t\u00e9cnicos<br \/>\n&#8211; Anchura de trabajo: 500 mm<br \/>\n&#8211; Rango de formato p\u00e1gina perforada: m\u00e1x. 500 mm<br \/>\n&#8211; Rango de formato p\u00e1gina sin perforar: m\u00e1x. 500 mm<br \/>\n&#8211; Espesor de punzonado: m\u00e1x. 3 mm por capa<br \/>\n&#8211; Velocidad de perforaci\u00f3n: 110 ciclos<br \/>\n&#8211; Sistema de papel: autom\u00e1tico con alimentador patern\u00f3ster non-stop<br \/>\n&#8211; Entrega de papel: entrega autom\u00e1tica en caja con vibrador<br \/>\n&#8211; Gramaje del papel: m\u00edn. 60 gr\/m\u00b2, m\u00e1x. 2 mm (son posibles restricciones debidas al gramaje\/calidad del papel).<br \/>\n&#8211; Perforaci\u00f3n de registro: s\u00ed (no incluido en la entrega)<br \/>\n&#8211; herramientas intercambiables<br \/>\n&#8211; el cambio de herramienta s\u00f3lo requiere unos pocos movimientos de la mano<br \/>\n&#8211; Cambio r\u00e1pido de formato gracias a las ruedas de ajuste manual<br \/>\n&#8211; distancia entre bordes ajustable<br \/>\n&#8211; Punz\u00f3n desconectable<br \/>\n&#8211; Espacio necesario: 3,30 x 1,50 m<br \/>\n&#8211; Peso neto 1580 kg<\/p>\n","protected":false},"excerpt":{"rendered":"<p>Troqueladora autom\u00e1tica de alto rendimiento Renz Kugler 341-2R para calendarios y carpetas de anillas 1 herramienta para calendario (50 cm, paso 3:1, 4,5&#215;4,5 mm con orificio para el pulgar) 1 herramienta para carpetas de anillas (aprox. 32 cm, paso 3:1, 6,5&#215;6,5 mm) 1 herramienta para carpetas de anillas (aprox. 32 cm, paso 2:1, orificio redondo [&hellip;]<\/p>\n","protected":false},"featured_media":70693,"template":"","meta":[],"product_brand":[],"product_cat":[2910],"product_tag":[],"class_list":{"0":"post-91758","1":"product","2":"type-product","3":"status-publish","4":"has-post-thumbnail","6":"product_cat-perforacion","7":"pa_baujahr-158","8":"pa_hersteller-renz-kugler-womako","9":"pa_typ-341-2r","11":"first","12":"instock","13":"sold-individually","14":"taxable","15":"shipping-taxable","16":"purchasable","17":"product-type-simple"},"jetpack_sharing_enabled":true,"_links":{"self":[{"href":"https:\/\/www.3p-gmbh.de\/es\/wp-json\/wp\/v2\/product\/91758","targetHints":{"allow":["GET"]}}],"collection":[{"href":"https:\/\/www.3p-gmbh.de\/es\/wp-json\/wp\/v2\/product"}],"about":[{"href":"https:\/\/www.3p-gmbh.de\/es\/wp-json\/wp\/v2\/types\/product"}],"wp:featuredmedia":[{"embeddable":true,"href":"https:\/\/www.3p-gmbh.de\/es\/wp-json\/wp\/v2\/media\/70693"}],"wp:attachment":[{"href":"https:\/\/www.3p-gmbh.de\/es\/wp-json\/wp\/v2\/media?parent=91758"}],"wp:term":[{"taxonomy":"product_brand","embeddable":true,"href":"https:\/\/www.3p-gmbh.de\/es\/wp-json\/wp\/v2\/product_brand?post=91758"},{"taxonomy":"product_cat","embeddable":true,"href":"https:\/\/www.3p-gmbh.de\/es\/wp-json\/wp\/v2\/product_cat?post=91758"},{"taxonomy":"product_tag","embeddable":true,"href":"https:\/\/www.3p-gmbh.de\/es\/wp-json\/wp\/v2\/product_tag?post=91758"}],"curies":[{"name":"wp","href":"https:\/\/api.w.org\/{rel}","templated":true}]}}