{"id":91756,"date":"2019-07-11T13:58:39","date_gmt":"2019-07-11T13:58:39","guid":{"rendered":"https:\/\/www.3p-gmbh.de\/produkt\/taladradora-de-papel-ernst-nagel-citoborma-280-ab\/"},"modified":"2019-07-11T13:58:39","modified_gmt":"2019-07-11T13:58:39","slug":"taladradora-de-papel-2","status":"publish","type":"product","link":"https:\/\/www.3p-gmbh.de\/es\/produkt\/taladradora-de-papel-2\/","title":{"rendered":"Taladradora de papel Ernst Nagel Citoborma 280 AB"},"content":{"rendered":"<p>&#8211; P\u00f3rtico resistente a la torsi\u00f3n para mayor precisi\u00f3n y durabilidad<br \/>\n&#8211; Liberaci\u00f3n del pie<br \/>\n&#8211; Altura de apilado 60 mm Profundidad de inserci\u00f3n aprox. 100 mm detr\u00e1s de las brocas<br \/>\n&#8211; Anchura de inserci\u00f3n 480 mm<br \/>\n&#8211; Compensaci\u00f3n de la longitud de perforaci\u00f3n Di\u00e1metro del orificio 2 &#8211; 20 mm<br \/>\n&#8211; 2 cabezales de perforaci\u00f3n con separaci\u00f3n ajustable<br \/>\n&#8211; Elevaci\u00f3n autom\u00e1tica de la mesa<\/p>\n","protected":false},"excerpt":{"rendered":"<p>&#8211; P\u00f3rtico resistente a la torsi\u00f3n para mayor precisi\u00f3n y durabilidad &#8211; Liberaci\u00f3n del pie &#8211; Altura de apilado 60 mm Profundidad de inserci\u00f3n aprox. 100 mm detr\u00e1s de las brocas &#8211; Anchura de inserci\u00f3n 480 mm &#8211; Compensaci\u00f3n de la longitud de perforaci\u00f3n Di\u00e1metro del orificio 2 &#8211; 20 mm &#8211; 2 cabezales de [&hellip;]<\/p>\n","protected":false},"featured_media":69205,"template":"","meta":[],"product_brand":[],"product_cat":[2956],"product_tag":[],"class_list":{"0":"post-91756","1":"product","2":"type-product","3":"status-publish","4":"has-post-thumbnail","6":"product_cat-taladros-de-papel","7":"pa_baujahr-123","8":"pa_hersteller-ernst-nagel","9":"pa_typ-280-ab","11":"first","12":"instock","13":"sold-individually","14":"taxable","15":"shipping-taxable","16":"purchasable","17":"product-type-simple"},"jetpack_sharing_enabled":true,"_links":{"self":[{"href":"https:\/\/www.3p-gmbh.de\/es\/wp-json\/wp\/v2\/product\/91756","targetHints":{"allow":["GET"]}}],"collection":[{"href":"https:\/\/www.3p-gmbh.de\/es\/wp-json\/wp\/v2\/product"}],"about":[{"href":"https:\/\/www.3p-gmbh.de\/es\/wp-json\/wp\/v2\/types\/product"}],"wp:featuredmedia":[{"embeddable":true,"href":"https:\/\/www.3p-gmbh.de\/es\/wp-json\/wp\/v2\/media\/69205"}],"wp:attachment":[{"href":"https:\/\/www.3p-gmbh.de\/es\/wp-json\/wp\/v2\/media?parent=91756"}],"wp:term":[{"taxonomy":"product_brand","embeddable":true,"href":"https:\/\/www.3p-gmbh.de\/es\/wp-json\/wp\/v2\/product_brand?post=91756"},{"taxonomy":"product_cat","embeddable":true,"href":"https:\/\/www.3p-gmbh.de\/es\/wp-json\/wp\/v2\/product_cat?post=91756"},{"taxonomy":"product_tag","embeddable":true,"href":"https:\/\/www.3p-gmbh.de\/es\/wp-json\/wp\/v2\/product_tag?post=91756"}],"curies":[{"name":"wp","href":"https:\/\/api.w.org\/{rel}","templated":true}]}}