{"id":91749,"date":"2019-07-11T13:58:49","date_gmt":"2019-07-11T13:58:49","guid":{"rendered":"https:\/\/www.3p-gmbh.de\/produkt\/pequena-produccion-de-folletos-ernst-nagel-watkiss\/"},"modified":"2019-07-11T13:58:49","modified_gmt":"2019-07-11T13:58:49","slug":"produccion-de-pequenos-folletos","status":"publish","type":"product","link":"https:\/\/www.3p-gmbh.de\/es\/produkt\/produccion-de-pequenos-folletos\/","title":{"rendered":"Peque\u00f1a producci\u00f3n de folletos Ernst Nagel\/Watkiss"},"content":{"rendered":"<p>Torre de acoplamiento de succi\u00f3n Watkiss Vario<br \/>\n8 estaciones Pila alta de hasta 8 cm con barra de enjugado<br \/>\nControl de falta de hoja, doble hoja, atasco y estaci\u00f3n vac\u00eda<br \/>\nmin. Tama\u00f1o del papel 130 x 160 mm<br \/>\nm\u00e1x. Tama\u00f1o del papel364 x 520 mm<br \/>\nGramajes de papel de 40 a 300 g<br \/>\nCapacidad de recogida de hasta 4.000 juegos\/hora<\/p>\n<p>Grapadora de folletos &#8211; Nagel Foldnak 8<br \/>\nFolletos en una sola pasada, desenganche autom\u00e1tico, alisador, control de almac\u00e9n y grapas faltantes, contador, volteador de grapas m\u00f3vil, grapado y anillado de grapas en el mismo cabezal de grapado, cambio de formato en aprox. 1 min.<br \/>\nCostura en l\u00ednea de las esquinas<br \/>\nTama\u00f1o de folleto de hasta 100 p\u00e1ginas (papel de 80 g\/m\u00b2)<br \/>\nFormatos de papel DIN A5, A4, A3, A3+, SRA3 (y cualquier formato intermedio)<br \/>\nFormatos de folleto DIN A4, A5, A6 (y cualquier formato intermedio)<br \/>\nCart\u00f3n de cubierta de hasta 300 g\/m\u00b2 aprox.<br \/>\nCabezales de grapado 2 (opci\u00f3n: 4 como m\u00e1ximo) con control de almac\u00e9n.<br \/>\nNo es necesario ajustar el grosor del papel.<br \/>\nPosiciones del cabezal de cosido en mm 30 x 50 x 80 x 50 x 30<br \/>\nCubierta (cubierta m\u00f3vil)<br \/>\nTipos de abrazaderas Abrazaderas anulares Ri 26\/6<br \/>\nGrapas 26\/6, 26\/8, 26\/8S<br \/>\nCapacidad de producci\u00f3n de hasta 2.000 folletos\/hora<br \/>\nSalida de cobertizo el\u00e9ctrica, carrera regulable<br \/>\nGrapado en bloque En l\u00ednea, hasta 40 hojas<br \/>\nConexi\u00f3n 230 V, 50 Hz, 300 W<\/p>\n","protected":false},"excerpt":{"rendered":"<p>Torre de acoplamiento de succi\u00f3n Watkiss Vario 8 estaciones Pila alta de hasta 8 cm con barra de enjugado Control de falta de hoja, doble hoja, atasco y estaci\u00f3n vac\u00eda min. Tama\u00f1o del papel 130 x 160 mm m\u00e1x. Tama\u00f1o del papel364 x 520 mm Gramajes de papel de 40 a 300 g Capacidad de [&hellip;]<\/p>\n","protected":false},"featured_media":69532,"template":"","meta":[],"product_brand":[],"product_cat":[2940],"product_tag":[],"class_list":{"0":"post-91749","1":"product","2":"type-product","3":"status-publish","4":"has-post-thumbnail","6":"product_cat-sistemas-de-elaboracion-de-folletos","7":"pa_baujahr-158","8":"pa_hersteller-watkiss-ernst-nagel","9":"pa_typ-vario-foldnak-8","11":"first","12":"instock","13":"sold-individually","14":"taxable","15":"shipping-taxable","16":"purchasable","17":"product-type-simple"},"jetpack_sharing_enabled":true,"_links":{"self":[{"href":"https:\/\/www.3p-gmbh.de\/es\/wp-json\/wp\/v2\/product\/91749","targetHints":{"allow":["GET"]}}],"collection":[{"href":"https:\/\/www.3p-gmbh.de\/es\/wp-json\/wp\/v2\/product"}],"about":[{"href":"https:\/\/www.3p-gmbh.de\/es\/wp-json\/wp\/v2\/types\/product"}],"wp:featuredmedia":[{"embeddable":true,"href":"https:\/\/www.3p-gmbh.de\/es\/wp-json\/wp\/v2\/media\/69532"}],"wp:attachment":[{"href":"https:\/\/www.3p-gmbh.de\/es\/wp-json\/wp\/v2\/media?parent=91749"}],"wp:term":[{"taxonomy":"product_brand","embeddable":true,"href":"https:\/\/www.3p-gmbh.de\/es\/wp-json\/wp\/v2\/product_brand?post=91749"},{"taxonomy":"product_cat","embeddable":true,"href":"https:\/\/www.3p-gmbh.de\/es\/wp-json\/wp\/v2\/product_cat?post=91749"},{"taxonomy":"product_tag","embeddable":true,"href":"https:\/\/www.3p-gmbh.de\/es\/wp-json\/wp\/v2\/product_tag?post=91749"}],"curies":[{"name":"wp","href":"https:\/\/api.w.org\/{rel}","templated":true}]}}