{"id":91739,"date":"2019-07-11T13:58:49","date_gmt":"2019-07-11T13:58:49","guid":{"rendered":"https:\/\/www.3p-gmbh.de\/produkt\/elevador-de-pales-profi-line-pl-2-q-de-schneider-senator\/"},"modified":"2019-07-11T13:58:49","modified_gmt":"2019-07-11T13:58:49","slug":"elevador-de-pales","status":"publish","type":"product","link":"https:\/\/www.3p-gmbh.de\/es\/produkt\/elevador-de-pales\/","title":{"rendered":"Elevador de pal\u00e9s Profi Line PL 2 Q de Schneider Senator"},"content":{"rendered":"<p>&#8211; Tama\u00f1o del pal\u00e9 1000 mm x 1480 mm<br \/>\n&#8211; Capacidad de elevaci\u00f3n 1000 kg<br \/>\n&#8211; con elevaci\u00f3n y descenso autom\u00e1ticos<br \/>\n&#8211; Ajuste autom\u00e1tico de la altura de trabajo mediante barrera de luz<\/p>\n","protected":false},"excerpt":{"rendered":"<p>&#8211; Tama\u00f1o del pal\u00e9 1000 mm x 1480 mm &#8211; Capacidad de elevaci\u00f3n 1000 kg &#8211; con elevaci\u00f3n y descenso autom\u00e1ticos &#8211; Ajuste autom\u00e1tico de la altura de trabajo mediante barrera de luz<\/p>\n","protected":false},"featured_media":69481,"template":"","meta":[],"product_brand":[],"product_cat":[2975],"product_tag":[],"class_list":{"0":"post-91739","1":"product","2":"type-product","3":"status-publish","4":"has-post-thumbnail","6":"product_cat-elevadores-y-apiladores","7":"pa_baujahr-123","8":"pa_hersteller-schneider-senator","9":"pa_typ-profi-line-pl-2-q","11":"first","12":"instock","13":"sold-individually","14":"taxable","15":"shipping-taxable","16":"purchasable","17":"product-type-simple"},"jetpack_sharing_enabled":true,"_links":{"self":[{"href":"https:\/\/www.3p-gmbh.de\/es\/wp-json\/wp\/v2\/product\/91739","targetHints":{"allow":["GET"]}}],"collection":[{"href":"https:\/\/www.3p-gmbh.de\/es\/wp-json\/wp\/v2\/product"}],"about":[{"href":"https:\/\/www.3p-gmbh.de\/es\/wp-json\/wp\/v2\/types\/product"}],"wp:featuredmedia":[{"embeddable":true,"href":"https:\/\/www.3p-gmbh.de\/es\/wp-json\/wp\/v2\/media\/69481"}],"wp:attachment":[{"href":"https:\/\/www.3p-gmbh.de\/es\/wp-json\/wp\/v2\/media?parent=91739"}],"wp:term":[{"taxonomy":"product_brand","embeddable":true,"href":"https:\/\/www.3p-gmbh.de\/es\/wp-json\/wp\/v2\/product_brand?post=91739"},{"taxonomy":"product_cat","embeddable":true,"href":"https:\/\/www.3p-gmbh.de\/es\/wp-json\/wp\/v2\/product_cat?post=91739"},{"taxonomy":"product_tag","embeddable":true,"href":"https:\/\/www.3p-gmbh.de\/es\/wp-json\/wp\/v2\/product_tag?post=91739"}],"curies":[{"name":"wp","href":"https:\/\/api.w.org\/{rel}","templated":true}]}}