{"id":91731,"date":"2019-07-11T13:58:49","date_gmt":"2019-07-11T13:58:49","guid":{"rendered":"https:\/\/www.3p-gmbh.de\/produkt\/constantin-hang-136-dk-taladradora-de-papel-de-sobremesa\/"},"modified":"2019-07-11T13:58:49","modified_gmt":"2019-07-11T13:58:49","slug":"taladradora-de-papel-de-sobremesa-constantin-hang","status":"publish","type":"product","link":"https:\/\/www.3p-gmbh.de\/es\/produkt\/taladradora-de-papel-de-sobremesa-constantin-hang\/","title":{"rendered":"Constantin Hang 136 DK Taladradora de papel de sobremesa"},"content":{"rendered":"<p>&#8211; 2 cabezales de perforaci\u00f3n con separaci\u00f3n fija para limar orificios<br \/>\n&#8211; Topes laterales del tabulador con ampliaci\u00f3n de la mesa<br \/>\n&#8211; Tope de profundidad mediante mesa graduada<br \/>\n&#8211; Bajada de la perforadora mediante palanca manual<br \/>\n&#8211; Altura de apilado 50 mm<br \/>\n&#8211; Di\u00e1metro del orificio 2 &#8211; 14 mm<br \/>\n&#8211; 380V<\/p>\n","protected":false},"excerpt":{"rendered":"<p>&#8211; 2 cabezales de perforaci\u00f3n con separaci\u00f3n fija para limar orificios &#8211; Topes laterales del tabulador con ampliaci\u00f3n de la mesa &#8211; Tope de profundidad mediante mesa graduada &#8211; Bajada de la perforadora mediante palanca manual &#8211; Altura de apilado 50 mm &#8211; Di\u00e1metro del orificio 2 &#8211; 14 mm &#8211; 380V<\/p>\n","protected":false},"featured_media":69511,"template":"","meta":[],"product_brand":[],"product_cat":[2956],"product_tag":[],"class_list":{"0":"post-91731","1":"product","2":"type-product","3":"status-publish","4":"has-post-thumbnail","6":"product_cat-taladros-de-papel","7":"pa_baujahr-266","8":"pa_hersteller-constantin-hang","9":"pa_typ-136-dk","11":"first","12":"instock","13":"sold-individually","14":"taxable","15":"shipping-taxable","16":"purchasable","17":"product-type-simple"},"jetpack_sharing_enabled":true,"_links":{"self":[{"href":"https:\/\/www.3p-gmbh.de\/es\/wp-json\/wp\/v2\/product\/91731","targetHints":{"allow":["GET"]}}],"collection":[{"href":"https:\/\/www.3p-gmbh.de\/es\/wp-json\/wp\/v2\/product"}],"about":[{"href":"https:\/\/www.3p-gmbh.de\/es\/wp-json\/wp\/v2\/types\/product"}],"wp:featuredmedia":[{"embeddable":true,"href":"https:\/\/www.3p-gmbh.de\/es\/wp-json\/wp\/v2\/media\/69511"}],"wp:attachment":[{"href":"https:\/\/www.3p-gmbh.de\/es\/wp-json\/wp\/v2\/media?parent=91731"}],"wp:term":[{"taxonomy":"product_brand","embeddable":true,"href":"https:\/\/www.3p-gmbh.de\/es\/wp-json\/wp\/v2\/product_brand?post=91731"},{"taxonomy":"product_cat","embeddable":true,"href":"https:\/\/www.3p-gmbh.de\/es\/wp-json\/wp\/v2\/product_cat?post=91731"},{"taxonomy":"product_tag","embeddable":true,"href":"https:\/\/www.3p-gmbh.de\/es\/wp-json\/wp\/v2\/product_tag?post=91731"}],"curies":[{"name":"wp","href":"https:\/\/api.w.org\/{rel}","templated":true}]}}