{"id":91728,"date":"2019-07-11T13:58:49","date_gmt":"2019-07-11T13:58:49","guid":{"rendered":"https:\/\/www.3p-gmbh.de\/produkt\/punzon-de-alambre-renz-super-500\/"},"modified":"2019-07-11T13:58:49","modified_gmt":"2019-07-11T13:58:49","slug":"wire-o-stanze","status":"publish","type":"product","link":"https:\/\/www.3p-gmbh.de\/es\/produkt\/wire-o-stanze\/","title":{"rendered":"Punz\u00f3n de alambre Renz Super 500"},"content":{"rendered":"<p>&#8211; Anchura de trabajo: 500 mm<br \/>\n&#8211; dos herramientas calendario 4&#215;4 pasos 3:1 y 2:1<br \/>\n&#8211; Espesor de punzonado: m\u00e1x. 4,5 mm (seg\u00fan la herramienta)<br \/>\n&#8211; Velocidad de perforaci\u00f3n: 400 &#8211; 500 ciclos\/h (seg\u00fan el operario)<br \/>\n&#8211; M\u00e1quina de papel: horizontal<br \/>\n&#8211; Gramaje del papel: 40 &#8211; 1000 gr.\/m\u00b2.<br \/>\n&#8211; Cambio de herramientas: cambio de herramientas r\u00e1pido y sin problemas en pocos minutos<br \/>\n&#8211; distancia entre bordes ajustable<br \/>\n&#8211; Brazos de tiro ajustables bueno<\/p>\n","protected":false},"excerpt":{"rendered":"<p>&#8211; Anchura de trabajo: 500 mm &#8211; dos herramientas calendario 4&#215;4 pasos 3:1 y 2:1 &#8211; Espesor de punzonado: m\u00e1x. 4,5 mm (seg\u00fan la herramienta) &#8211; Velocidad de perforaci\u00f3n: 400 &#8211; 500 ciclos\/h (seg\u00fan el operario) &#8211; M\u00e1quina de papel: horizontal &#8211; Gramaje del papel: 40 &#8211; 1000 gr.\/m\u00b2. &#8211; Cambio de herramientas: cambio de [&hellip;]<\/p>\n","protected":false},"featured_media":69454,"template":"","meta":[],"product_brand":[],"product_cat":[2910],"product_tag":[],"class_list":{"0":"post-91728","1":"product","2":"type-product","3":"status-publish","4":"has-post-thumbnail","6":"product_cat-perforacion","7":"pa_baujahr-221","8":"pa_hersteller-renz","9":"pa_typ-super-500","11":"first","12":"instock","13":"sold-individually","14":"taxable","15":"shipping-taxable","16":"purchasable","17":"product-type-simple"},"jetpack_sharing_enabled":true,"_links":{"self":[{"href":"https:\/\/www.3p-gmbh.de\/es\/wp-json\/wp\/v2\/product\/91728","targetHints":{"allow":["GET"]}}],"collection":[{"href":"https:\/\/www.3p-gmbh.de\/es\/wp-json\/wp\/v2\/product"}],"about":[{"href":"https:\/\/www.3p-gmbh.de\/es\/wp-json\/wp\/v2\/types\/product"}],"wp:featuredmedia":[{"embeddable":true,"href":"https:\/\/www.3p-gmbh.de\/es\/wp-json\/wp\/v2\/media\/69454"}],"wp:attachment":[{"href":"https:\/\/www.3p-gmbh.de\/es\/wp-json\/wp\/v2\/media?parent=91728"}],"wp:term":[{"taxonomy":"product_brand","embeddable":true,"href":"https:\/\/www.3p-gmbh.de\/es\/wp-json\/wp\/v2\/product_brand?post=91728"},{"taxonomy":"product_cat","embeddable":true,"href":"https:\/\/www.3p-gmbh.de\/es\/wp-json\/wp\/v2\/product_cat?post=91728"},{"taxonomy":"product_tag","embeddable":true,"href":"https:\/\/www.3p-gmbh.de\/es\/wp-json\/wp\/v2\/product_tag?post=91728"}],"curies":[{"name":"wp","href":"https:\/\/api.w.org\/{rel}","templated":true}]}}