{"id":91720,"date":"2019-07-11T13:58:49","date_gmt":"2019-07-11T13:58:49","guid":{"rendered":"https:\/\/www.3p-gmbh.de\/produkt\/maquina-contadora-de-papel-vacuumatic-vicount-2-con-alimentador-de-tiras\/"},"modified":"2019-07-11T13:58:49","modified_gmt":"2019-07-11T13:58:49","slug":"contadora-de-papel-con-insercion-de-tiras","status":"publish","type":"product","link":"https:\/\/www.3p-gmbh.de\/es\/produkt\/contadora-de-papel-con-insercion-de-tiras\/","title":{"rendered":"M\u00e1quina contadora de papel Vacuumatic Vicount 2 con alimentador de tiras"},"content":{"rendered":"<p>M\u00e1quina de mesa con mesa de 30 x 24 cm<br \/>\n(puede integrarse f\u00e1cilmente en una l\u00ednea de corte o en una mesa m\u00e1s grande,<br \/>\npara poder contar cada formato de hoja)<\/p>\n<p>&#8211; Disparo de rayas (aprox.5mm) repetitivo o infinito por selecci\u00f3n de programa<br \/>\n&#8211; N\u00famero m\u00ednimo de tomas 5 hojas<br \/>\n&#8211; m\u00e1x. Altura de apilado 230 mm<br \/>\n&#8211; Velocidad de recuento de hasta 2000Bg. \/min.<br \/>\n&#8211; Contador m\u00e1x. 999.999<br \/>\n&#8211; Material 25-240 g\/m2 seg\u00fan la calidad y flexibilidad del papel<\/p>\n","protected":false},"excerpt":{"rendered":"<p>M\u00e1quina de mesa con mesa de 30 x 24 cm (puede integrarse f\u00e1cilmente en una l\u00ednea de corte o en una mesa m\u00e1s grande, para poder contar cada formato de hoja) &#8211; Disparo de rayas (aprox.5mm) repetitivo o infinito por selecci\u00f3n de programa &#8211; N\u00famero m\u00ednimo de tomas 5 hojas &#8211; m\u00e1x. Altura de apilado [&hellip;]<\/p>\n","protected":false},"featured_media":69436,"template":"","meta":[],"product_brand":[],"product_cat":[3005],"product_tag":[],"class_list":{"0":"post-91720","1":"product","2":"type-product","3":"status-publish","4":"has-post-thumbnail","6":"product_cat-maquinas-contadoras-de-papel","7":"pa_baujahr-140","8":"pa_hersteller-vacuumatic","9":"pa_typ-vicount-2","11":"first","12":"instock","13":"sold-individually","14":"taxable","15":"shipping-taxable","16":"purchasable","17":"product-type-simple"},"jetpack_sharing_enabled":true,"_links":{"self":[{"href":"https:\/\/www.3p-gmbh.de\/es\/wp-json\/wp\/v2\/product\/91720","targetHints":{"allow":["GET"]}}],"collection":[{"href":"https:\/\/www.3p-gmbh.de\/es\/wp-json\/wp\/v2\/product"}],"about":[{"href":"https:\/\/www.3p-gmbh.de\/es\/wp-json\/wp\/v2\/types\/product"}],"wp:featuredmedia":[{"embeddable":true,"href":"https:\/\/www.3p-gmbh.de\/es\/wp-json\/wp\/v2\/media\/69436"}],"wp:attachment":[{"href":"https:\/\/www.3p-gmbh.de\/es\/wp-json\/wp\/v2\/media?parent=91720"}],"wp:term":[{"taxonomy":"product_brand","embeddable":true,"href":"https:\/\/www.3p-gmbh.de\/es\/wp-json\/wp\/v2\/product_brand?post=91720"},{"taxonomy":"product_cat","embeddable":true,"href":"https:\/\/www.3p-gmbh.de\/es\/wp-json\/wp\/v2\/product_cat?post=91720"},{"taxonomy":"product_tag","embeddable":true,"href":"https:\/\/www.3p-gmbh.de\/es\/wp-json\/wp\/v2\/product_tag?post=91720"}],"curies":[{"name":"wp","href":"https:\/\/api.w.org\/{rel}","templated":true}]}}