{"id":91714,"date":"2019-07-11T13:58:49","date_gmt":"2019-07-11T13:58:49","guid":{"rendered":"https:\/\/www.3p-gmbh.de\/produkt\/pfaeffle-f-42-una-perforadora-automatica-de-calendarios\/"},"modified":"2019-07-11T13:58:49","modified_gmt":"2019-07-11T13:58:49","slug":"perforadora-calendario-automatica","status":"publish","type":"product","link":"https:\/\/www.3p-gmbh.de\/es\/produkt\/perforadora-calendario-automatica\/","title":{"rendered":"Pf\u00e4ffle F 42 una perforadora autom\u00e1tica de calendarios"},"content":{"rendered":"<p>Para perforar la perforaci\u00f3n de encuadernaci\u00f3n en espiral, de canutillo de alambre y de pl\u00e1stico, as\u00ed como perforaciones para sistemas de archivado, redondeos de esquinas, perforaciones de rasgado, inserciones de registro, etc.<br \/>\nManejo sin esfuerzo por una sola persona gracias a la clara disposici\u00f3n de los ciclos de trabajo en un nivel.<br \/>\nProbado \u00absistema de placas\u00bb para trabajar de pila en pila sin girar.<br \/>\nSeparaci\u00f3n de las distintas capas de la pila de papel mediante discos separadores.<br \/>\nAlineaci\u00f3n de la capa de papel y perforaci\u00f3n.<br \/>\nSalida en caja de almacenamiento en el mismo orden.<br \/>\nF\u00e1cil conversi\u00f3n a otros formatos.<br \/>\nCambio r\u00e1pido de herramientas.<br \/>\nHerramientas de perforaci\u00f3n intercambiables para encuadernaci\u00f3n con alambre y pl\u00e1stico, tambi\u00e9n combinadas con orificio para el pulgar, orificio para archivado y\/o perforaci\u00f3n para rasgar (todas las opciones)<\/p>\n<p>Datos t\u00e9cnicos<br \/>\nRango de formato m\u00e1x. 320 x 320 mm<br \/>\nRango de formato min. 148 x 100 mm<br \/>\nEspesor de perforaci\u00f3n de hasta 2 mm<br \/>\nherramienta de perforaci\u00f3n integrada<br \/>\nProducci\u00f3n de 4.200 a 5.000 punzones \/ hora<br \/>\nAltura de la pila hasta 8 m \/ hora<br \/>\nEspacio necesario 1,80 m x 0,90 m<br \/>\nPeso 450 kg<\/p>\n","protected":false},"excerpt":{"rendered":"<p>Para perforar la perforaci\u00f3n de encuadernaci\u00f3n en espiral, de canutillo de alambre y de pl\u00e1stico, as\u00ed como perforaciones para sistemas de archivado, redondeos de esquinas, perforaciones de rasgado, inserciones de registro, etc. Manejo sin esfuerzo por una sola persona gracias a la clara disposici\u00f3n de los ciclos de trabajo en un nivel. Probado \u00absistema de [&hellip;]<\/p>\n","protected":false},"featured_media":69403,"template":"","meta":[],"product_brand":[],"product_cat":[2910],"product_tag":[],"class_list":{"0":"post-91714","1":"product","2":"type-product","3":"status-publish","4":"has-post-thumbnail","6":"product_cat-perforacion","7":"pa_baujahr-165","8":"pa_hersteller-pfaeffle-seckinger-2","9":"pa_typ-f42-a-gbc-usp-13","11":"first","12":"instock","13":"sold-individually","14":"taxable","15":"shipping-taxable","16":"purchasable","17":"product-type-simple"},"jetpack_sharing_enabled":true,"_links":{"self":[{"href":"https:\/\/www.3p-gmbh.de\/es\/wp-json\/wp\/v2\/product\/91714","targetHints":{"allow":["GET"]}}],"collection":[{"href":"https:\/\/www.3p-gmbh.de\/es\/wp-json\/wp\/v2\/product"}],"about":[{"href":"https:\/\/www.3p-gmbh.de\/es\/wp-json\/wp\/v2\/types\/product"}],"wp:featuredmedia":[{"embeddable":true,"href":"https:\/\/www.3p-gmbh.de\/es\/wp-json\/wp\/v2\/media\/69403"}],"wp:attachment":[{"href":"https:\/\/www.3p-gmbh.de\/es\/wp-json\/wp\/v2\/media?parent=91714"}],"wp:term":[{"taxonomy":"product_brand","embeddable":true,"href":"https:\/\/www.3p-gmbh.de\/es\/wp-json\/wp\/v2\/product_brand?post=91714"},{"taxonomy":"product_cat","embeddable":true,"href":"https:\/\/www.3p-gmbh.de\/es\/wp-json\/wp\/v2\/product_cat?post=91714"},{"taxonomy":"product_tag","embeddable":true,"href":"https:\/\/www.3p-gmbh.de\/es\/wp-json\/wp\/v2\/product_tag?post=91714"}],"curies":[{"name":"wp","href":"https:\/\/api.w.org\/{rel}","templated":true}]}}