{"id":91709,"date":"2019-07-11T13:58:49","date_gmt":"2019-07-11T13:58:49","guid":{"rendered":"https:\/\/www.3p-gmbh.de\/produkt\/punzon-de-registro-de-pulgar-ernst-nagel-vs-66\/"},"modified":"2019-07-11T13:58:49","modified_gmt":"2019-07-11T13:58:49","slug":"punzon-de-registro-pulgar","status":"publish","type":"product","link":"https:\/\/www.3p-gmbh.de\/es\/produkt\/punzon-de-registro-pulgar\/","title":{"rendered":"Punz\u00f3n de registro de pulgar Ernst Nagel VS 66"},"content":{"rendered":"<p>&#8211; punz\u00f3n de registro el\u00e9ctrico con sujeci\u00f3n manual de bloques y dispositivo de repetici\u00f3n para la producci\u00f3n de asas de registro<br \/>\n&#8211; 3 herramientas de corte de madera de diferentes radios incluidas en el suministro<br \/>\n&#8211; 380 voltios<\/p>\n","protected":false},"excerpt":{"rendered":"<p>&#8211; punz\u00f3n de registro el\u00e9ctrico con sujeci\u00f3n manual de bloques y dispositivo de repetici\u00f3n para la producci\u00f3n de asas de registro &#8211; 3 herramientas de corte de madera de diferentes radios incluidas en el suministro &#8211; 380 voltios<\/p>\n","protected":false},"featured_media":69406,"template":"","meta":[],"product_brand":[],"product_cat":[2894],"product_tag":[],"class_list":{"0":"post-91709","1":"product","2":"type-product","3":"status-publish","4":"has-post-thumbnail","6":"product_cat-surtido-encuadernacion","7":"pa_hersteller-ernst-nagel","8":"pa_typ-vs-66","10":"first","11":"instock","12":"sold-individually","13":"taxable","14":"shipping-taxable","15":"purchasable","16":"product-type-simple"},"jetpack_sharing_enabled":true,"_links":{"self":[{"href":"https:\/\/www.3p-gmbh.de\/es\/wp-json\/wp\/v2\/product\/91709","targetHints":{"allow":["GET"]}}],"collection":[{"href":"https:\/\/www.3p-gmbh.de\/es\/wp-json\/wp\/v2\/product"}],"about":[{"href":"https:\/\/www.3p-gmbh.de\/es\/wp-json\/wp\/v2\/types\/product"}],"wp:featuredmedia":[{"embeddable":true,"href":"https:\/\/www.3p-gmbh.de\/es\/wp-json\/wp\/v2\/media\/69406"}],"wp:attachment":[{"href":"https:\/\/www.3p-gmbh.de\/es\/wp-json\/wp\/v2\/media?parent=91709"}],"wp:term":[{"taxonomy":"product_brand","embeddable":true,"href":"https:\/\/www.3p-gmbh.de\/es\/wp-json\/wp\/v2\/product_brand?post=91709"},{"taxonomy":"product_cat","embeddable":true,"href":"https:\/\/www.3p-gmbh.de\/es\/wp-json\/wp\/v2\/product_cat?post=91709"},{"taxonomy":"product_tag","embeddable":true,"href":"https:\/\/www.3p-gmbh.de\/es\/wp-json\/wp\/v2\/product_tag?post=91709"}],"curies":[{"name":"wp","href":"https:\/\/api.w.org\/{rel}","templated":true}]}}