{"id":91704,"date":"2019-07-11T13:58:49","date_gmt":"2019-07-11T13:58:49","guid":{"rendered":"https:\/\/www.3p-gmbh.de\/produkt\/linea-de-produccion-de-folletos-horizon\/"},"modified":"2019-07-11T13:58:49","modified_gmt":"2019-07-11T13:58:49","slug":"linea-de-produccion-de-folletos","status":"publish","type":"product","link":"https:\/\/www.3p-gmbh.de\/es\/produkt\/linea-de-produccion-de-folletos\/","title":{"rendered":"L\u00ednea de producci\u00f3n de folletos Horizon"},"content":{"rendered":"<p>Torre de reuni\u00f3n MAC-8a<br \/>\nAlimentador de aire por succi\u00f3n\/soplado de 8 estaciones con 10 cm de altura de carga cada una<br \/>\nControl de falta\/doble hoja<br \/>\nGramaje del papel 23 &#8211; 230 g\/m2<\/p>\n<p>Unidad de grapado y plegado SPF-10II (con dos cabezales de grapado ACME)<br \/>\nGrapadora y cortadora frontal FC-10II<br \/>\nsin entrega compensada<\/p>\n","protected":false},"excerpt":{"rendered":"<p>Torre de reuni\u00f3n MAC-8a Alimentador de aire por succi\u00f3n\/soplado de 8 estaciones con 10 cm de altura de carga cada una Control de falta\/doble hoja Gramaje del papel 23 &#8211; 230 g\/m2 Unidad de grapado y plegado SPF-10II (con dos cabezales de grapado ACME) Grapadora y cortadora frontal FC-10II sin entrega compensada<\/p>\n","protected":false},"featured_media":69376,"template":"","meta":[],"product_brand":[],"product_cat":[2940],"product_tag":[],"class_list":{"0":"post-91704","1":"product","2":"type-product","3":"status-publish","4":"has-post-thumbnail","6":"product_cat-sistemas-de-elaboracion-de-folletos","7":"pa_baujahr-272","8":"pa_hersteller-horizon","9":"pa_typ-mac-8a-mit-spf-ii-und-tc-ii","11":"first","12":"instock","13":"sold-individually","14":"taxable","15":"shipping-taxable","16":"purchasable","17":"product-type-simple"},"jetpack_sharing_enabled":true,"_links":{"self":[{"href":"https:\/\/www.3p-gmbh.de\/es\/wp-json\/wp\/v2\/product\/91704","targetHints":{"allow":["GET"]}}],"collection":[{"href":"https:\/\/www.3p-gmbh.de\/es\/wp-json\/wp\/v2\/product"}],"about":[{"href":"https:\/\/www.3p-gmbh.de\/es\/wp-json\/wp\/v2\/types\/product"}],"wp:featuredmedia":[{"embeddable":true,"href":"https:\/\/www.3p-gmbh.de\/es\/wp-json\/wp\/v2\/media\/69376"}],"wp:attachment":[{"href":"https:\/\/www.3p-gmbh.de\/es\/wp-json\/wp\/v2\/media?parent=91704"}],"wp:term":[{"taxonomy":"product_brand","embeddable":true,"href":"https:\/\/www.3p-gmbh.de\/es\/wp-json\/wp\/v2\/product_brand?post=91704"},{"taxonomy":"product_cat","embeddable":true,"href":"https:\/\/www.3p-gmbh.de\/es\/wp-json\/wp\/v2\/product_cat?post=91704"},{"taxonomy":"product_tag","embeddable":true,"href":"https:\/\/www.3p-gmbh.de\/es\/wp-json\/wp\/v2\/product_tag?post=91704"}],"curies":[{"name":"wp","href":"https:\/\/api.w.org\/{rel}","templated":true}]}}