{"id":91696,"date":"2019-07-11T13:58:58","date_gmt":"2019-07-11T13:58:58","guid":{"rendered":"https:\/\/www.3p-gmbh.de\/produkt\/sistema-de-laminacion-termica-horizon-foliant-gulliver-c-520\/"},"modified":"2019-07-11T13:58:58","modified_gmt":"2019-07-11T13:58:58","slug":"sistema-de-termolaminado","status":"publish","type":"product","link":"https:\/\/www.3p-gmbh.de\/es\/produkt\/sistema-de-termolaminado\/","title":{"rendered":"Sistema de laminaci\u00f3n t\u00e9rmica Horizon Foliant Gulliver C 520"},"content":{"rendered":"<p>con alimentador de pila plana por succi\u00f3n de aire<br \/>\n-alimentaci\u00f3n y separaci\u00f3n autom\u00e1ticas<br \/>\n-ajuste neum\u00e1tico de los rodillos de calentamiento<br \/>\n-Ancho de entrada 520 mm<br \/>\n-m\u00e1x.520x740mm<br \/>\n-Rodillos cromados Temperatura de calentamiento 90-115 C\u00b0.<br \/>\n-rendimiento aprox. 0-15 metros\/min, es decir, aprox. 2600 hojas B3\/hora<br \/>\n-gramajes de aprox. 115 -350 g\/m2<br \/>\n-visualizaci\u00f3n de la caja<\/p>\n<p>Con presi\u00f3n hidroneum\u00e1tica de los rodillos laminadores.<br \/>\nEsto permite aplicar una presi\u00f3n muy alta a la pel\u00edcula de laminaci\u00f3n, lo que la hace adecuada para su uso incluso con el papel de impresi\u00f3n digital m\u00e1s dif\u00edcil.<br \/>\nsin renunciar a la durabilidad.<br \/>\nLas plastificadoras Foliant han sido probadas por Xerox y se recomienda su uso con la familia de impresoras DC.<\/p>\n","protected":false},"excerpt":{"rendered":"<p>con alimentador de pila plana por succi\u00f3n de aire -alimentaci\u00f3n y separaci\u00f3n autom\u00e1ticas -ajuste neum\u00e1tico de los rodillos de calentamiento -Ancho de entrada 520 mm -m\u00e1x.520x740mm -Rodillos cromados Temperatura de calentamiento 90-115 C\u00b0. -rendimiento aprox. 0-15 metros\/min, es decir, aprox. 2600 hojas B3\/hora -gramajes de aprox. 115 -350 g\/m2 -visualizaci\u00f3n de la caja Con presi\u00f3n [&hellip;]<\/p>\n","protected":false},"featured_media":69763,"template":"","meta":[],"product_brand":[],"product_cat":[3094],"product_tag":[],"class_list":{"0":"post-91696","1":"product","2":"type-product","3":"status-publish","4":"has-post-thumbnail","6":"product_cat-laminadoras-es","7":"pa_baujahr-127","8":"pa_hersteller-horizon","9":"pa_typ-foliant-gulliver-c-520","11":"first","12":"instock","13":"sold-individually","14":"taxable","15":"shipping-taxable","16":"purchasable","17":"product-type-simple"},"jetpack_sharing_enabled":true,"_links":{"self":[{"href":"https:\/\/www.3p-gmbh.de\/es\/wp-json\/wp\/v2\/product\/91696","targetHints":{"allow":["GET"]}}],"collection":[{"href":"https:\/\/www.3p-gmbh.de\/es\/wp-json\/wp\/v2\/product"}],"about":[{"href":"https:\/\/www.3p-gmbh.de\/es\/wp-json\/wp\/v2\/types\/product"}],"wp:featuredmedia":[{"embeddable":true,"href":"https:\/\/www.3p-gmbh.de\/es\/wp-json\/wp\/v2\/media\/69763"}],"wp:attachment":[{"href":"https:\/\/www.3p-gmbh.de\/es\/wp-json\/wp\/v2\/media?parent=91696"}],"wp:term":[{"taxonomy":"product_brand","embeddable":true,"href":"https:\/\/www.3p-gmbh.de\/es\/wp-json\/wp\/v2\/product_brand?post=91696"},{"taxonomy":"product_cat","embeddable":true,"href":"https:\/\/www.3p-gmbh.de\/es\/wp-json\/wp\/v2\/product_cat?post=91696"},{"taxonomy":"product_tag","embeddable":true,"href":"https:\/\/www.3p-gmbh.de\/es\/wp-json\/wp\/v2\/product_tag?post=91696"}],"curies":[{"name":"wp","href":"https:\/\/api.w.org\/{rel}","templated":true}]}}