{"id":91693,"date":"2019-07-11T13:58:58","date_gmt":"2019-07-11T13:58:58","guid":{"rendered":"https:\/\/www.3p-gmbh.de\/produkt\/elevador-de-pales-knorr-l-350\/"},"modified":"2019-07-11T13:58:58","modified_gmt":"2019-07-11T13:58:58","slug":"elevador-de-pales-2","status":"publish","type":"product","link":"https:\/\/www.3p-gmbh.de\/es\/produkt\/elevador-de-pales-2\/","title":{"rendered":"Elevador de pal\u00e9s Knorr L 350"},"content":{"rendered":"<p>Mediante la elevaci\u00f3n autom\u00e1tica del material a cortar, el operario puede introducir el material en el vibrador autom\u00e1tico o directamente en el vibrador a una altura de trabajo ergon\u00f3micamente favorable.<br \/>\ncargar la m\u00e1quina de corte. Sin embargo, el elevador apilador tambi\u00e9n puede utilizarse para apilar material cortado. Los elevadores apilables Knorr no necesitan anclarse en el suelo, por lo que pueden desplazarse f\u00e1cilmente.<\/p>\n<p>Dimensiones interiores de la horquilla cm 75 x 50<br \/>\nCarrera hasta 85 cm<br \/>\nCapacidad de carga m\u00e1xima kg 600<\/p>\n","protected":false},"excerpt":{"rendered":"<p>Mediante la elevaci\u00f3n autom\u00e1tica del material a cortar, el operario puede introducir el material en el vibrador autom\u00e1tico o directamente en el vibrador a una altura de trabajo ergon\u00f3micamente favorable. cargar la m\u00e1quina de corte. Sin embargo, el elevador apilador tambi\u00e9n puede utilizarse para apilar material cortado. Los elevadores apilables Knorr no necesitan anclarse en [&hellip;]<\/p>\n","protected":false},"featured_media":69694,"template":"","meta":[],"product_brand":[],"product_cat":[2975],"product_tag":[],"class_list":{"0":"post-91693","1":"product","2":"type-product","3":"status-publish","4":"has-post-thumbnail","6":"product_cat-elevadores-y-apiladores","7":"pa_baujahr-158","8":"pa_hersteller-knorr","9":"pa_typ-l-350","11":"first","12":"instock","13":"sold-individually","14":"taxable","15":"shipping-taxable","16":"purchasable","17":"product-type-simple"},"jetpack_sharing_enabled":true,"_links":{"self":[{"href":"https:\/\/www.3p-gmbh.de\/es\/wp-json\/wp\/v2\/product\/91693","targetHints":{"allow":["GET"]}}],"collection":[{"href":"https:\/\/www.3p-gmbh.de\/es\/wp-json\/wp\/v2\/product"}],"about":[{"href":"https:\/\/www.3p-gmbh.de\/es\/wp-json\/wp\/v2\/types\/product"}],"wp:featuredmedia":[{"embeddable":true,"href":"https:\/\/www.3p-gmbh.de\/es\/wp-json\/wp\/v2\/media\/69694"}],"wp:attachment":[{"href":"https:\/\/www.3p-gmbh.de\/es\/wp-json\/wp\/v2\/media?parent=91693"}],"wp:term":[{"taxonomy":"product_brand","embeddable":true,"href":"https:\/\/www.3p-gmbh.de\/es\/wp-json\/wp\/v2\/product_brand?post=91693"},{"taxonomy":"product_cat","embeddable":true,"href":"https:\/\/www.3p-gmbh.de\/es\/wp-json\/wp\/v2\/product_cat?post=91693"},{"taxonomy":"product_tag","embeddable":true,"href":"https:\/\/www.3p-gmbh.de\/es\/wp-json\/wp\/v2\/product_tag?post=91693"}],"curies":[{"name":"wp","href":"https:\/\/api.w.org\/{rel}","templated":true}]}}