{"id":91692,"date":"2019-07-11T13:58:58","date_gmt":"2019-07-11T13:58:58","guid":{"rendered":"https:\/\/www.3p-gmbh.de\/produkt\/europack-eo-5-p2-fundidor-de-cola\/"},"modified":"2019-07-11T13:58:58","modified_gmt":"2019-07-11T13:58:58","slug":"fundidor-de-cola","status":"publish","type":"product","link":"https:\/\/www.3p-gmbh.de\/es\/produkt\/fundidor-de-cola\/","title":{"rendered":"Europack EO 5 P2 Fundidor de cola"},"content":{"rendered":"<p>con unidad de control de 2 canales KAS Compact C 200<br \/>\npara una aplicaci\u00f3n precisa del adhesivo en m\u00e1quinas de alta velocidad<br \/>\npuede controlar 2 v\u00e1lvulas de aplicaci\u00f3n de cola en funci\u00f3n del recorrido.<br \/>\nLa unidad puede almacenar permanentemente 100 productos diferentes de clientes.<br \/>\nLas teclas de funci\u00f3n, la pantalla de texto sin formato y la tecnolog\u00eda de men\u00fas hacen que la programaci\u00f3n sea sencilla y f\u00e1cil de aprender.<br \/>\nLos textos de la pantalla pueden cambiarse a distintos idiomas nacionales<br \/>\ny cada v\u00e1lvula puede conectarse y desconectarse mediante su propio bot\u00f3n.<br \/>\ncon 2 cables calefactores de aprox. 1,80 m, dos boquillas de aplicaci\u00f3n, 1 codificador rotatorio, un sensor \u00f3ptico<\/p>\n","protected":false},"excerpt":{"rendered":"<p>con unidad de control de 2 canales KAS Compact C 200 para una aplicaci\u00f3n precisa del adhesivo en m\u00e1quinas de alta velocidad puede controlar 2 v\u00e1lvulas de aplicaci\u00f3n de cola en funci\u00f3n del recorrido. La unidad puede almacenar permanentemente 100 productos diferentes de clientes. Las teclas de funci\u00f3n, la pantalla de texto sin formato y [&hellip;]<\/p>\n","protected":false},"featured_media":69730,"template":"","meta":[],"product_brand":[],"product_cat":[2873],"product_tag":[],"class_list":{"0":"post-91692","1":"product","2":"type-product","3":"status-publish","4":"has-post-thumbnail","6":"product_cat-otros-tratamientos-posteriores","7":"pa_baujahr-168","8":"pa_hersteller-europack-e","9":"pa_typ-eo-5-p2-mit-kas-c-200","11":"first","12":"instock","13":"sold-individually","14":"taxable","15":"shipping-taxable","16":"purchasable","17":"product-type-simple"},"jetpack_sharing_enabled":true,"_links":{"self":[{"href":"https:\/\/www.3p-gmbh.de\/es\/wp-json\/wp\/v2\/product\/91692","targetHints":{"allow":["GET"]}}],"collection":[{"href":"https:\/\/www.3p-gmbh.de\/es\/wp-json\/wp\/v2\/product"}],"about":[{"href":"https:\/\/www.3p-gmbh.de\/es\/wp-json\/wp\/v2\/types\/product"}],"wp:featuredmedia":[{"embeddable":true,"href":"https:\/\/www.3p-gmbh.de\/es\/wp-json\/wp\/v2\/media\/69730"}],"wp:attachment":[{"href":"https:\/\/www.3p-gmbh.de\/es\/wp-json\/wp\/v2\/media?parent=91692"}],"wp:term":[{"taxonomy":"product_brand","embeddable":true,"href":"https:\/\/www.3p-gmbh.de\/es\/wp-json\/wp\/v2\/product_brand?post=91692"},{"taxonomy":"product_cat","embeddable":true,"href":"https:\/\/www.3p-gmbh.de\/es\/wp-json\/wp\/v2\/product_cat?post=91692"},{"taxonomy":"product_tag","embeddable":true,"href":"https:\/\/www.3p-gmbh.de\/es\/wp-json\/wp\/v2\/product_tag?post=91692"}],"curies":[{"name":"wp","href":"https:\/\/api.w.org\/{rel}","templated":true}]}}