{"id":91681,"date":"2019-07-11T13:58:58","date_gmt":"2019-07-11T13:58:58","guid":{"rendered":"https:\/\/www.3p-gmbh.de\/produkt\/taladradora-de-papel-de-2-husillos-ernst-nagel-citoborma-280\/"},"modified":"2019-07-11T13:58:58","modified_gmt":"2019-07-11T13:58:58","slug":"taladradora-de-papel-de-2-husillos-2","status":"publish","type":"product","link":"https:\/\/www.3p-gmbh.de\/es\/produkt\/taladradora-de-papel-de-2-husillos-2\/","title":{"rendered":"Taladradora de papel de 2 husillos Ernst Nagel Citoborma 280"},"content":{"rendered":"<p>Construcci\u00f3n resistente a la torsi\u00f3n para mayor precisi\u00f3n y durabilidad<br \/>\nDesbloqueo mediante palanca<br \/>\nAltura de apilado 60 mm<br \/>\nAnchura de inserci\u00f3n 410 mm en mesa corredera<br \/>\nCompensaci\u00f3n de la longitud de perforaci\u00f3n<br \/>\nDi\u00e1metro del orificio 2 &#8211; 14 mm<br \/>\n2 cabezales de perforaci\u00f3n no ajustables para limar orificios<\/p>\n","protected":false},"excerpt":{"rendered":"<p>Construcci\u00f3n resistente a la torsi\u00f3n para mayor precisi\u00f3n y durabilidad Desbloqueo mediante palanca Altura de apilado 60 mm Anchura de inserci\u00f3n 410 mm en mesa corredera Compensaci\u00f3n de la longitud de perforaci\u00f3n Di\u00e1metro del orificio 2 &#8211; 14 mm 2 cabezales de perforaci\u00f3n no ajustables para limar orificios<\/p>\n","protected":false},"featured_media":69646,"template":"","meta":[],"product_brand":[],"product_cat":[2956],"product_tag":[],"class_list":{"0":"post-91681","1":"product","2":"type-product","3":"status-publish","4":"has-post-thumbnail","6":"product_cat-taladros-de-papel","7":"pa_baujahr-272","8":"pa_hersteller-ernst-nagel","9":"pa_typ-citoborma-280","11":"first","12":"instock","13":"sold-individually","14":"taxable","15":"shipping-taxable","16":"purchasable","17":"product-type-simple"},"jetpack_sharing_enabled":true,"_links":{"self":[{"href":"https:\/\/www.3p-gmbh.de\/es\/wp-json\/wp\/v2\/product\/91681","targetHints":{"allow":["GET"]}}],"collection":[{"href":"https:\/\/www.3p-gmbh.de\/es\/wp-json\/wp\/v2\/product"}],"about":[{"href":"https:\/\/www.3p-gmbh.de\/es\/wp-json\/wp\/v2\/types\/product"}],"wp:featuredmedia":[{"embeddable":true,"href":"https:\/\/www.3p-gmbh.de\/es\/wp-json\/wp\/v2\/media\/69646"}],"wp:attachment":[{"href":"https:\/\/www.3p-gmbh.de\/es\/wp-json\/wp\/v2\/media?parent=91681"}],"wp:term":[{"taxonomy":"product_brand","embeddable":true,"href":"https:\/\/www.3p-gmbh.de\/es\/wp-json\/wp\/v2\/product_brand?post=91681"},{"taxonomy":"product_cat","embeddable":true,"href":"https:\/\/www.3p-gmbh.de\/es\/wp-json\/wp\/v2\/product_cat?post=91681"},{"taxonomy":"product_tag","embeddable":true,"href":"https:\/\/www.3p-gmbh.de\/es\/wp-json\/wp\/v2\/product_tag?post=91681"}],"curies":[{"name":"wp","href":"https:\/\/api.w.org\/{rel}","templated":true}]}}