{"id":91679,"date":"2019-07-11T13:58:58","date_gmt":"2019-07-11T13:58:58","guid":{"rendered":"https:\/\/www.3p-gmbh.de\/produkt\/taladro-de-papel-constantin-hang-dt-106-20\/"},"modified":"2019-07-11T13:58:58","modified_gmt":"2019-07-11T13:58:58","slug":"taladro-de-papel-3","status":"publish","type":"product","link":"https:\/\/www.3p-gmbh.de\/es\/produkt\/taladro-de-papel-3\/","title":{"rendered":"Taladro de papel Constantin Hang DT 106-20"},"content":{"rendered":"<p>&#8211; 2 cabezales de perforaci\u00f3n ajustables entre s\u00ed<br \/>\n&#8211; Carrera de perforaci\u00f3n mediante pedal<br \/>\n&#8211; 380 voltios<\/p>\n","protected":false},"excerpt":{"rendered":"<p>&#8211; 2 cabezales de perforaci\u00f3n ajustables entre s\u00ed &#8211; Carrera de perforaci\u00f3n mediante pedal &#8211; 380 voltios<\/p>\n","protected":false},"featured_media":69679,"template":"","meta":[],"product_brand":[],"product_cat":[2956],"product_tag":[],"class_list":{"0":"post-91679","1":"product","2":"type-product","3":"status-publish","4":"has-post-thumbnail","6":"product_cat-taladros-de-papel","7":"pa_hersteller-constantin-hang","8":"pa_typ-dt-106-20","10":"first","11":"instock","12":"sold-individually","13":"taxable","14":"shipping-taxable","15":"purchasable","16":"product-type-simple"},"jetpack_sharing_enabled":true,"_links":{"self":[{"href":"https:\/\/www.3p-gmbh.de\/es\/wp-json\/wp\/v2\/product\/91679","targetHints":{"allow":["GET"]}}],"collection":[{"href":"https:\/\/www.3p-gmbh.de\/es\/wp-json\/wp\/v2\/product"}],"about":[{"href":"https:\/\/www.3p-gmbh.de\/es\/wp-json\/wp\/v2\/types\/product"}],"wp:featuredmedia":[{"embeddable":true,"href":"https:\/\/www.3p-gmbh.de\/es\/wp-json\/wp\/v2\/media\/69679"}],"wp:attachment":[{"href":"https:\/\/www.3p-gmbh.de\/es\/wp-json\/wp\/v2\/media?parent=91679"}],"wp:term":[{"taxonomy":"product_brand","embeddable":true,"href":"https:\/\/www.3p-gmbh.de\/es\/wp-json\/wp\/v2\/product_brand?post=91679"},{"taxonomy":"product_cat","embeddable":true,"href":"https:\/\/www.3p-gmbh.de\/es\/wp-json\/wp\/v2\/product_cat?post=91679"},{"taxonomy":"product_tag","embeddable":true,"href":"https:\/\/www.3p-gmbh.de\/es\/wp-json\/wp\/v2\/product_tag?post=91679"}],"curies":[{"name":"wp","href":"https:\/\/api.w.org\/{rel}","templated":true}]}}