{"id":91678,"date":"2019-07-11T13:58:58","date_gmt":"2019-07-11T13:58:58","guid":{"rendered":"https:\/\/www.3p-gmbh.de\/produkt\/paul-schall-105-m-electr-empujador-redondo-de-esquina\/"},"modified":"2019-07-11T13:58:58","modified_gmt":"2019-07-11T13:58:58","slug":"cortadora-de-esquinas-electrica-2","status":"publish","type":"product","link":"https:\/\/www.3p-gmbh.de\/es\/produkt\/cortadora-de-esquinas-electrica-2\/","title":{"rendered":"Paul Schall 105 M electr. Empujador redondo de esquina"},"content":{"rendered":"<p>&#8211; apto para papel, cart\u00f3n, l\u00e1minas<br \/>\n&#8211; Altura de apilado: m\u00e1x. 65 mm<br \/>\n&#8211; equipo de prensado<br \/>\n&#8211; Sistema angular<br \/>\n&#8211; 1 cuchilla superior y 1 cuchilla inferior cada una<br \/>\n&#8211; 380 voltios<\/p>\n","protected":false},"excerpt":{"rendered":"<p>&#8211; apto para papel, cart\u00f3n, l\u00e1minas &#8211; Altura de apilado: m\u00e1x. 65 mm &#8211; equipo de prensado &#8211; Sistema angular &#8211; 1 cuchilla superior y 1 cuchilla inferior cada una &#8211; 380 voltios<\/p>\n","protected":false},"featured_media":69667,"template":"","meta":[],"product_brand":[],"product_cat":[2894],"product_tag":[],"class_list":{"0":"post-91678","1":"product","2":"type-product","3":"status-publish","4":"has-post-thumbnail","6":"product_cat-surtido-encuadernacion","7":"pa_hersteller-paul-schall","8":"pa_typ-105_m","10":"first","11":"instock","12":"sold-individually","13":"taxable","14":"shipping-taxable","15":"purchasable","16":"product-type-simple"},"jetpack_sharing_enabled":true,"_links":{"self":[{"href":"https:\/\/www.3p-gmbh.de\/es\/wp-json\/wp\/v2\/product\/91678","targetHints":{"allow":["GET"]}}],"collection":[{"href":"https:\/\/www.3p-gmbh.de\/es\/wp-json\/wp\/v2\/product"}],"about":[{"href":"https:\/\/www.3p-gmbh.de\/es\/wp-json\/wp\/v2\/types\/product"}],"wp:featuredmedia":[{"embeddable":true,"href":"https:\/\/www.3p-gmbh.de\/es\/wp-json\/wp\/v2\/media\/69667"}],"wp:attachment":[{"href":"https:\/\/www.3p-gmbh.de\/es\/wp-json\/wp\/v2\/media?parent=91678"}],"wp:term":[{"taxonomy":"product_brand","embeddable":true,"href":"https:\/\/www.3p-gmbh.de\/es\/wp-json\/wp\/v2\/product_brand?post=91678"},{"taxonomy":"product_cat","embeddable":true,"href":"https:\/\/www.3p-gmbh.de\/es\/wp-json\/wp\/v2\/product_cat?post=91678"},{"taxonomy":"product_tag","embeddable":true,"href":"https:\/\/www.3p-gmbh.de\/es\/wp-json\/wp\/v2\/product_tag?post=91678"}],"curies":[{"name":"wp","href":"https:\/\/api.w.org\/{rel}","templated":true}]}}