{"id":91664,"date":"2019-07-11T13:58:58","date_gmt":"2019-07-11T13:58:58","guid":{"rendered":"https:\/\/www.3p-gmbh.de\/produkt\/agitador-de-proa-muero-st\/"},"modified":"2019-07-11T13:58:58","modified_gmt":"2019-07-11T13:58:58","slug":"rascador-de-proa","status":"publish","type":"product","link":"https:\/\/www.3p-gmbh.de\/es\/produkt\/rascador-de-proa\/","title":{"rendered":"Agitador de proa M\u00fcro ST"},"content":{"rendered":"<p>Igualador de hojas m\u00f3vil para depositar y alisar conjuntos de formularios intercalados y capas de folletos, as\u00ed como hojas impresas.<br \/>\nFuerza de sacudida ajustable mediante tuerca de desequilibrio regulable en el eje del motor.<br \/>\nVelocidad regulable del motor, girando a izquierda o derecha para un ajuste fino de la fuerza de agitaci\u00f3n.<br \/>\nCasete de agitaci\u00f3n inclinable hasta 45\u00b0.<br \/>\nFormato \u00fatil: 61 x 76 cm<br \/>\nAltura del casete: 10 cm<br \/>\nDimensiones exteriores: 45 x 45 cm<br \/>\nAltura: 75 &#8211; 95 cm, variable<br \/>\nConexi\u00f3n: 230 V<\/p>\n","protected":false},"excerpt":{"rendered":"<p>Igualador de hojas m\u00f3vil para depositar y alisar conjuntos de formularios intercalados y capas de folletos, as\u00ed como hojas impresas. Fuerza de sacudida ajustable mediante tuerca de desequilibrio regulable en el eje del motor. Velocidad regulable del motor, girando a izquierda o derecha para un ajuste fino de la fuerza de agitaci\u00f3n. Casete de agitaci\u00f3n [&hellip;]<\/p>\n","protected":false},"featured_media":69586,"template":"","meta":[],"product_brand":[],"product_cat":[3070],"product_tag":[],"class_list":{"0":"post-91664","1":"product","2":"type-product","3":"status-publish","4":"has-post-thumbnail","6":"product_cat-mesas-vibratorias-es","7":"pa_baujahr-130","8":"pa_hersteller-muero","9":"pa_typ-st-61x76","11":"first","12":"instock","13":"sold-individually","14":"taxable","15":"shipping-taxable","16":"purchasable","17":"product-type-simple"},"jetpack_sharing_enabled":true,"_links":{"self":[{"href":"https:\/\/www.3p-gmbh.de\/es\/wp-json\/wp\/v2\/product\/91664","targetHints":{"allow":["GET"]}}],"collection":[{"href":"https:\/\/www.3p-gmbh.de\/es\/wp-json\/wp\/v2\/product"}],"about":[{"href":"https:\/\/www.3p-gmbh.de\/es\/wp-json\/wp\/v2\/types\/product"}],"wp:featuredmedia":[{"embeddable":true,"href":"https:\/\/www.3p-gmbh.de\/es\/wp-json\/wp\/v2\/media\/69586"}],"wp:attachment":[{"href":"https:\/\/www.3p-gmbh.de\/es\/wp-json\/wp\/v2\/media?parent=91664"}],"wp:term":[{"taxonomy":"product_brand","embeddable":true,"href":"https:\/\/www.3p-gmbh.de\/es\/wp-json\/wp\/v2\/product_brand?post=91664"},{"taxonomy":"product_cat","embeddable":true,"href":"https:\/\/www.3p-gmbh.de\/es\/wp-json\/wp\/v2\/product_cat?post=91664"},{"taxonomy":"product_tag","embeddable":true,"href":"https:\/\/www.3p-gmbh.de\/es\/wp-json\/wp\/v2\/product_tag?post=91664"}],"curies":[{"name":"wp","href":"https:\/\/api.w.org\/{rel}","templated":true}]}}