{"id":91662,"date":"2019-07-11T13:58:58","date_gmt":"2019-07-11T13:58:58","guid":{"rendered":"https:\/\/www.3p-gmbh.de\/produkt\/produccion-del-folleto-mkw-rapid-ut-12\/"},"modified":"2019-07-11T13:58:58","modified_gmt":"2019-07-11T13:58:58","slug":"folleto-produccion-4","status":"publish","type":"product","link":"https:\/\/www.3p-gmbh.de\/es\/produkt\/folleto-produccion-4\/","title":{"rendered":"Producci\u00f3n del folleto MKW Rapid UT 12"},"content":{"rendered":"<p>Recogedora \/ producci\u00f3n de folletos MKW Rapid UT 12\/B3\/GS + SFT 350<br \/>\nA\u00f1o de fabricaci\u00f3n: 2008, Formato: min. 10 x 14 cm , m\u00e1x. 35 x 50 cm<\/p>\n<p>Equipamiento: m\u00e1quina recolectora de 12 estaciones<br \/>\nFuncionamiento t\u00e1ctil TFT<br \/>\nMesa de correas dentadas de circulaci\u00f3n con funci\u00f3n t\u00e1ndem 1:1 y 2:1 de sincronizaci\u00f3n<br \/>\nPosibilidad de disparo en cualquier estaci\u00f3n<br \/>\nFunci\u00f3n de cambio de cart\u00f3n en cualquier estaci\u00f3n<br \/>\nAspirador basculante regulable<br \/>\nAire de soplado lateral y frontal<br \/>\nm\u00e1x. Altura de apilado 700 mm<br \/>\nGramaje del papel de 14 a 1000 g\/m\u00b2.<br \/>\nControl electr\u00f3nico automedido de hojas dobles y faltantes<\/p>\n<p>Unidad de corte puntada-plegado SFT 350<br \/>\nAjuste r\u00e1pido del formato<br \/>\nEmbellecedor frontal con un m\u00ednimo de 6 cm sobre la cuchilla superior e inferior<br \/>\nAire de soplado en la cuchilla<br \/>\nDispositivo de prensado ajustable<br \/>\n2 cabezales de cosido Hohner 48\/S<\/p>\n<p>Clasificaci\u00f3n controlada por PC con la serie MKW RAPID\u00ae UT<br \/>\nEl principio de mesa giratoria permite la producci\u00f3n en t\u00e1ndem y garantiza<br \/>\nun transporte de papel seguro y silencioso.<\/p>\n<p>Funci\u00f3n t\u00e1ndem<br \/>\nEl sistema t\u00e1ndem se activa con un simple cambio en el terminal de mando.<br \/>\nEl uso paralelo de dos estaciones, cada una con la misma presi\u00f3n, permite alcanzar hasta un 75<br \/>\nmayor producci\u00f3n.<\/p>\n<p>Funci\u00f3n \u00fanica<br \/>\nIntercalaci\u00f3n est\u00e1ndar en operaci\u00f3n 1:1<br \/>\npara un elevado n\u00famero de p\u00e1ginas.<\/p>\n<p>MKW RAPID UT &#8211; Control<br \/>\nEl uso de la tecnolog\u00eda de PC industrial m\u00e1s avanzada permite obtener resultados precisos.<br \/>\nControl de los sistemas, controla el cotejo digitalmente<br \/>\ny le permite conectarse a su producci\u00f3n operativa<br \/>\ncontrol.<br \/>\nEl sistema operativo con pantalla TFT de alta calidad permite un<br \/>\nfuncionamiento sencillo de las m\u00e1quinas. Todos los ajustes se realizan<br \/>\nmediante men\u00fas l\u00f3gicamente estructurados que pueden consultarse f\u00e1cilmente en la pantalla.<br \/>\nconvertirse. Gu\u00eda del usuario e indicadores de estado codificados por colores<br \/>\ngarantizar un proceso de producci\u00f3n \u00f3ptimo.<\/p>\n<p>Guardar y recuperar configuraciones de trabajo en segundos<br \/>\nContadores de producci\u00f3n combinables para tiradas exactas y separaci\u00f3n<br \/>\nFunciones especiales est\u00e1ndar programables en cualquier estaci\u00f3n<br \/>\nControl de calidad en serie mediante la supervisi\u00f3n de hojas faltantes y dobles por estaci\u00f3n<\/p>\n<p>Rechazo autom\u00e1tico de conjuntos defectuosos para un funcionamiento ininterrumpido<br \/>\nSelecci\u00f3n din\u00e1mica de estaciones para reducir los tiempos de preparaci\u00f3n durante los cambios de trabajo<\/p>\n","protected":false},"excerpt":{"rendered":"<p>Recogedora \/ producci\u00f3n de folletos MKW Rapid UT 12\/B3\/GS + SFT 350 A\u00f1o de fabricaci\u00f3n: 2008, Formato: min. 10 x 14 cm , m\u00e1x. 35 x 50 cm Equipamiento: m\u00e1quina recolectora de 12 estaciones Funcionamiento t\u00e1ctil TFT Mesa de correas dentadas de circulaci\u00f3n con funci\u00f3n t\u00e1ndem 1:1 y 2:1 de sincronizaci\u00f3n Posibilidad de disparo en [&hellip;]<\/p>\n","protected":false},"featured_media":70678,"template":"","meta":[],"product_brand":[],"product_cat":[2940],"product_tag":[],"class_list":{"0":"post-91662","1":"product","2":"type-product","3":"status-publish","4":"has-post-thumbnail","6":"product_cat-sistemas-de-elaboracion-de-folletos","7":"pa_baujahr-326","8":"pa_hersteller-mkw","9":"pa_typ-rapid-ut-12-b3-gs","11":"first","12":"instock","13":"sold-individually","14":"taxable","15":"shipping-taxable","16":"purchasable","17":"product-type-simple"},"jetpack_sharing_enabled":true,"_links":{"self":[{"href":"https:\/\/www.3p-gmbh.de\/es\/wp-json\/wp\/v2\/product\/91662","targetHints":{"allow":["GET"]}}],"collection":[{"href":"https:\/\/www.3p-gmbh.de\/es\/wp-json\/wp\/v2\/product"}],"about":[{"href":"https:\/\/www.3p-gmbh.de\/es\/wp-json\/wp\/v2\/types\/product"}],"wp:featuredmedia":[{"embeddable":true,"href":"https:\/\/www.3p-gmbh.de\/es\/wp-json\/wp\/v2\/media\/70678"}],"wp:attachment":[{"href":"https:\/\/www.3p-gmbh.de\/es\/wp-json\/wp\/v2\/media?parent=91662"}],"wp:term":[{"taxonomy":"product_brand","embeddable":true,"href":"https:\/\/www.3p-gmbh.de\/es\/wp-json\/wp\/v2\/product_brand?post=91662"},{"taxonomy":"product_cat","embeddable":true,"href":"https:\/\/www.3p-gmbh.de\/es\/wp-json\/wp\/v2\/product_cat?post=91662"},{"taxonomy":"product_tag","embeddable":true,"href":"https:\/\/www.3p-gmbh.de\/es\/wp-json\/wp\/v2\/product_tag?post=91662"}],"curies":[{"name":"wp","href":"https:\/\/api.w.org\/{rel}","templated":true}]}}