{"id":91661,"date":"2019-07-11T13:58:58","date_gmt":"2019-07-11T13:58:58","guid":{"rendered":"https:\/\/www.3p-gmbh.de\/produkt\/knorr-rla-6-pl-vibrador-automatico-con-rodillo-de-descarga-de-aire\/"},"modified":"2019-07-11T13:58:58","modified_gmt":"2019-07-11T13:58:58","slug":"engrasadora-automatica-con-rodillo-esparcidor-de-aire","status":"publish","type":"product","link":"https:\/\/www.3p-gmbh.de\/es\/produkt\/engrasadora-automatica-con-rodillo-esparcidor-de-aire\/","title":{"rendered":"Knorr RLA 6 PL vibrador autom\u00e1tico con rodillo de descarga de aire"},"content":{"rendered":"<p>&#8211; con interfaz para un sistema de pinzas en el lado izquierdo de la mesa<br \/>\n&#8211; Topes laterales neum\u00e1ticos<br \/>\n&#8211; Mesa de aire de acero inoxidable<br \/>\n&#8211; m\u00e1x. Tama\u00f1o de la hoja 105&#215;145 cm<br \/>\n&#8211; Altura de la capa 165 mm<\/p>\n","protected":false},"excerpt":{"rendered":"<p>&#8211; con interfaz para un sistema de pinzas en el lado izquierdo de la mesa &#8211; Topes laterales neum\u00e1ticos &#8211; Mesa de aire de acero inoxidable &#8211; m\u00e1x. Tama\u00f1o de la hoja 105&#215;145 cm &#8211; Altura de la capa 165 mm<\/p>\n","protected":false},"featured_media":70690,"template":"","meta":[],"product_brand":[],"product_cat":[3070],"product_tag":[],"class_list":{"0":"post-91661","1":"product","2":"type-product","3":"status-publish","4":"has-post-thumbnail","6":"product_cat-mesas-vibratorias-es","7":"pa_baujahr-158","8":"pa_hersteller-knorr","9":"pa_typ-rla-6-pl","11":"first","12":"instock","13":"sold-individually","14":"taxable","15":"shipping-taxable","16":"purchasable","17":"product-type-simple"},"jetpack_sharing_enabled":true,"_links":{"self":[{"href":"https:\/\/www.3p-gmbh.de\/es\/wp-json\/wp\/v2\/product\/91661","targetHints":{"allow":["GET"]}}],"collection":[{"href":"https:\/\/www.3p-gmbh.de\/es\/wp-json\/wp\/v2\/product"}],"about":[{"href":"https:\/\/www.3p-gmbh.de\/es\/wp-json\/wp\/v2\/types\/product"}],"wp:featuredmedia":[{"embeddable":true,"href":"https:\/\/www.3p-gmbh.de\/es\/wp-json\/wp\/v2\/media\/70690"}],"wp:attachment":[{"href":"https:\/\/www.3p-gmbh.de\/es\/wp-json\/wp\/v2\/media?parent=91661"}],"wp:term":[{"taxonomy":"product_brand","embeddable":true,"href":"https:\/\/www.3p-gmbh.de\/es\/wp-json\/wp\/v2\/product_brand?post=91661"},{"taxonomy":"product_cat","embeddable":true,"href":"https:\/\/www.3p-gmbh.de\/es\/wp-json\/wp\/v2\/product_cat?post=91661"},{"taxonomy":"product_tag","embeddable":true,"href":"https:\/\/www.3p-gmbh.de\/es\/wp-json\/wp\/v2\/product_tag?post=91661"}],"curies":[{"name":"wp","href":"https:\/\/api.w.org\/{rel}","templated":true}]}}