{"id":91658,"date":"2019-07-11T13:58:58","date_gmt":"2019-07-11T13:58:58","guid":{"rendered":"https:\/\/www.3p-gmbh.de\/produkt\/numeradora-graphic-whizard-gw-8000-e-sa\/"},"modified":"2019-07-11T13:58:58","modified_gmt":"2019-07-11T13:58:58","slug":"maquina-numeradora","status":"publish","type":"product","link":"https:\/\/www.3p-gmbh.de\/es\/produkt\/maquina-numeradora\/","title":{"rendered":"Numeradora Graphic Whizard GW 8000 E-SA"},"content":{"rendered":"<p>Control del programa<br \/>\nPotencia 8000 ciclos<br \/>\nAlimentador de aire de aspiraci\u00f3n (Schneider)<br \/>\nm\u00e1x. Tama\u00f1o de la hoja 45x45xm<br \/>\nm\u00e1x. Peso base 45-300g\/m2<br \/>\n0,010 Precisi\u00f3n<br \/>\nhasta 4 cabezales de numeraci\u00f3n posibles (un cabezal incorporado)<br \/>\nPosibilidad de perforaci\u00f3n longitudinal, corte y hendido<\/p>\n","protected":false},"excerpt":{"rendered":"<p>Control del programa Potencia 8000 ciclos Alimentador de aire de aspiraci\u00f3n (Schneider) m\u00e1x. Tama\u00f1o de la hoja 45x45xm m\u00e1x. Peso base 45-300g\/m2 0,010 Precisi\u00f3n hasta 4 cabezales de numeraci\u00f3n posibles (un cabezal incorporado) Posibilidad de perforaci\u00f3n longitudinal, corte y hendido<\/p>\n","protected":false},"featured_media":69610,"template":"","meta":[],"product_brand":[],"product_cat":[3120],"product_tag":[],"class_list":{"0":"post-91658","1":"product","2":"type-product","3":"status-publish","4":"has-post-thumbnail","6":"product_cat-numeradoras","7":"pa_baujahr-140","8":"pa_hersteller-graphic-whizard","9":"pa_typ-gw-8000-e-sa","11":"first","12":"instock","13":"sold-individually","14":"taxable","15":"shipping-taxable","16":"purchasable","17":"product-type-simple"},"jetpack_sharing_enabled":true,"_links":{"self":[{"href":"https:\/\/www.3p-gmbh.de\/es\/wp-json\/wp\/v2\/product\/91658","targetHints":{"allow":["GET"]}}],"collection":[{"href":"https:\/\/www.3p-gmbh.de\/es\/wp-json\/wp\/v2\/product"}],"about":[{"href":"https:\/\/www.3p-gmbh.de\/es\/wp-json\/wp\/v2\/types\/product"}],"wp:featuredmedia":[{"embeddable":true,"href":"https:\/\/www.3p-gmbh.de\/es\/wp-json\/wp\/v2\/media\/69610"}],"wp:attachment":[{"href":"https:\/\/www.3p-gmbh.de\/es\/wp-json\/wp\/v2\/media?parent=91658"}],"wp:term":[{"taxonomy":"product_brand","embeddable":true,"href":"https:\/\/www.3p-gmbh.de\/es\/wp-json\/wp\/v2\/product_brand?post=91658"},{"taxonomy":"product_cat","embeddable":true,"href":"https:\/\/www.3p-gmbh.de\/es\/wp-json\/wp\/v2\/product_cat?post=91658"},{"taxonomy":"product_tag","embeddable":true,"href":"https:\/\/www.3p-gmbh.de\/es\/wp-json\/wp\/v2\/product_tag?post=91658"}],"curies":[{"name":"wp","href":"https:\/\/api.w.org\/{rel}","templated":true}]}}