{"id":91649,"date":"2019-07-11T13:58:58","date_gmt":"2019-07-11T13:58:58","guid":{"rendered":"https:\/\/www.3p-gmbh.de\/produkt\/elevador-apilable-polar-lw-1000-4\/"},"modified":"2019-07-11T13:58:58","modified_gmt":"2019-07-11T13:58:58","slug":"elevador-de-pila-3","status":"publish","type":"product","link":"https:\/\/www.3p-gmbh.de\/es\/produkt\/elevador-de-pila-3\/","title":{"rendered":"Elevador apilable Polar LW 1000-4"},"content":{"rendered":"<p>Plataforma 80 x 126 mm<br \/>\nMediante la elevaci\u00f3n autom\u00e1tica del material a cortar, el operario puede introducir el material en el vibrador autom\u00e1tico o directamente en el vibrador a una altura de trabajo ergon\u00f3micamente favorable.<br \/>\ncargar la m\u00e1quina de corte. Sin embargo, el elevador apilador tambi\u00e9n puede utilizarse para apilar material cortado. Los elevadores apilables no tienen que anclarse al suelo, por lo que pueden desplazarse f\u00e1cilmente. Est\u00e1n equipadas con barreras fotoel\u00e9ctricas de ajuste continuo para la elevaci\u00f3n o descenso autom\u00e1ticos. El elemento de mando puede montarse a la derecha o a la izquierda sin problemas.<\/p>\n","protected":false},"excerpt":{"rendered":"<p>Plataforma 80 x 126 mm Mediante la elevaci\u00f3n autom\u00e1tica del material a cortar, el operario puede introducir el material en el vibrador autom\u00e1tico o directamente en el vibrador a una altura de trabajo ergon\u00f3micamente favorable. cargar la m\u00e1quina de corte. Sin embargo, el elevador apilador tambi\u00e9n puede utilizarse para apilar material cortado. Los elevadores apilables [&hellip;]<\/p>\n","protected":false},"featured_media":69628,"template":"","meta":[],"product_brand":[],"product_cat":[2975],"product_tag":[],"class_list":{"0":"post-91649","1":"product","2":"type-product","3":"status-publish","4":"has-post-thumbnail","6":"product_cat-elevadores-y-apiladores","7":"pa_baujahr-130","8":"pa_hersteller-polar-mohr","9":"pa_typ-lw-1000-4","11":"first","12":"instock","13":"sold-individually","14":"taxable","15":"shipping-taxable","16":"purchasable","17":"product-type-simple"},"jetpack_sharing_enabled":true,"_links":{"self":[{"href":"https:\/\/www.3p-gmbh.de\/es\/wp-json\/wp\/v2\/product\/91649","targetHints":{"allow":["GET"]}}],"collection":[{"href":"https:\/\/www.3p-gmbh.de\/es\/wp-json\/wp\/v2\/product"}],"about":[{"href":"https:\/\/www.3p-gmbh.de\/es\/wp-json\/wp\/v2\/types\/product"}],"wp:featuredmedia":[{"embeddable":true,"href":"https:\/\/www.3p-gmbh.de\/es\/wp-json\/wp\/v2\/media\/69628"}],"wp:attachment":[{"href":"https:\/\/www.3p-gmbh.de\/es\/wp-json\/wp\/v2\/media?parent=91649"}],"wp:term":[{"taxonomy":"product_brand","embeddable":true,"href":"https:\/\/www.3p-gmbh.de\/es\/wp-json\/wp\/v2\/product_brand?post=91649"},{"taxonomy":"product_cat","embeddable":true,"href":"https:\/\/www.3p-gmbh.de\/es\/wp-json\/wp\/v2\/product_cat?post=91649"},{"taxonomy":"product_tag","embeddable":true,"href":"https:\/\/www.3p-gmbh.de\/es\/wp-json\/wp\/v2\/product_tag?post=91649"}],"curies":[{"name":"wp","href":"https:\/\/api.w.org\/{rel}","templated":true}]}}