{"id":91645,"date":"2019-07-11T13:59:08","date_gmt":"2019-07-11T13:59:08","guid":{"rendered":"https:\/\/www.3p-gmbh.de\/produkt\/encoladora-universal-tuenkers\/"},"modified":"2019-07-11T13:59:08","modified_gmt":"2019-07-11T13:59:08","slug":"encoladora-universal","status":"publish","type":"product","link":"https:\/\/www.3p-gmbh.de\/es\/produkt\/encoladora-universal\/","title":{"rendered":"Encoladora universal T\u00fcnkers"},"content":{"rendered":"<p>Encoladora T\u00fcnkers Fasson con unidad manual y cinta de salida con presi\u00f3n de contacto<br \/>\nLas encoladoras universales UAM de T\u00fcnkers son m\u00e1quinas vers\u00e1tiles y polivalentes para un encolado eficaz, adecuadas para el procesamiento de hojas de papel y cart\u00f3n, cuero y materiales similares.<\/p>\n<p>A\u00f1o de fabricaci\u00f3n 1994<br \/>\nProducci\u00f3n de hasta 2000 Bg.\/hora<br \/>\nFormato min. 210x296mm<br \/>\nFormato m\u00e1x. 1100x1400mm<br \/>\nAnchura de trabajo 1100 mm<br \/>\nPosibilidad de encolado de caras, cantos y bandas<br \/>\nDise\u00f1o modular, por lo que puede actualizarse en cualquier momento<br \/>\nTiempos de cambio cortos, manipulaci\u00f3n sencilla<br \/>\nCinta transportadora de descarga de libre acceso<br \/>\nsistema autom\u00e1tico de regulaci\u00f3n del adhesivo<br \/>\nPosibilidad de procesar cola fr\u00eda y caliente, as\u00ed como pasta o l\u00e1tex<\/p>\n","protected":false},"excerpt":{"rendered":"<p>Encoladora T\u00fcnkers Fasson con unidad manual y cinta de salida con presi\u00f3n de contacto Las encoladoras universales UAM de T\u00fcnkers son m\u00e1quinas vers\u00e1tiles y polivalentes para un encolado eficaz, adecuadas para el procesamiento de hojas de papel y cart\u00f3n, cuero y materiales similares. A\u00f1o de fabricaci\u00f3n 1994 Producci\u00f3n de hasta 2000 Bg.\/hora Formato min. 210x296mm [&hellip;]<\/p>\n","protected":false},"featured_media":69892,"template":"","meta":[],"product_brand":[],"product_cat":[2873],"product_tag":[],"class_list":{"0":"post-91645","1":"product","2":"type-product","3":"status-publish","4":"has-post-thumbnail","6":"product_cat-otros-tratamientos-posteriores","7":"pa_baujahr-155","8":"pa_hersteller-tuenkers-2","9":"pa_typ-universalanleimmaschine","11":"first","12":"instock","13":"sold-individually","14":"taxable","15":"shipping-taxable","16":"purchasable","17":"product-type-simple"},"jetpack_sharing_enabled":true,"_links":{"self":[{"href":"https:\/\/www.3p-gmbh.de\/es\/wp-json\/wp\/v2\/product\/91645","targetHints":{"allow":["GET"]}}],"collection":[{"href":"https:\/\/www.3p-gmbh.de\/es\/wp-json\/wp\/v2\/product"}],"about":[{"href":"https:\/\/www.3p-gmbh.de\/es\/wp-json\/wp\/v2\/types\/product"}],"wp:featuredmedia":[{"embeddable":true,"href":"https:\/\/www.3p-gmbh.de\/es\/wp-json\/wp\/v2\/media\/69892"}],"wp:attachment":[{"href":"https:\/\/www.3p-gmbh.de\/es\/wp-json\/wp\/v2\/media?parent=91645"}],"wp:term":[{"taxonomy":"product_brand","embeddable":true,"href":"https:\/\/www.3p-gmbh.de\/es\/wp-json\/wp\/v2\/product_brand?post=91645"},{"taxonomy":"product_cat","embeddable":true,"href":"https:\/\/www.3p-gmbh.de\/es\/wp-json\/wp\/v2\/product_cat?post=91645"},{"taxonomy":"product_tag","embeddable":true,"href":"https:\/\/www.3p-gmbh.de\/es\/wp-json\/wp\/v2\/product_tag?post=91645"}],"curies":[{"name":"wp","href":"https:\/\/api.w.org\/{rel}","templated":true}]}}