{"id":91641,"date":"2019-07-11T13:59:08","date_gmt":"2019-07-11T13:59:08","guid":{"rendered":"https:\/\/www.3p-gmbh.de\/produkt\/jogger-polar-rb-2-de-media-talla\/"},"modified":"2019-07-11T13:59:08","modified_gmt":"2019-07-11T13:59:08","slug":"maquina-de-ruleta-de-medio-tamano","status":"publish","type":"product","link":"https:\/\/www.3p-gmbh.de\/es\/produkt\/maquina-de-ruleta-de-medio-tamano\/","title":{"rendered":"Jogger Polar RB-2 de media talla"},"content":{"rendered":"<p>Polar Jogger RB 2<br \/>\nA\u00f1o de fabricaci\u00f3n 2003<br \/>\nGama de tama\u00f1os de la mesa de aire (superficie \u00fatil de la mesa) 72 x 87 cm<br \/>\nAltura de la mesa regulable de forma continua de 86 a 95 cm<\/p>\n","protected":false},"excerpt":{"rendered":"<p>Polar Jogger RB 2 A\u00f1o de fabricaci\u00f3n 2003 Gama de tama\u00f1os de la mesa de aire (superficie \u00fatil de la mesa) 72 x 87 cm Altura de la mesa regulable de forma continua de 86 a 95 cm<\/p>\n","protected":false},"featured_media":70672,"template":"","meta":[],"product_brand":[],"product_cat":[3070],"product_tag":[],"class_list":{"0":"post-91641","1":"product","2":"type-product","3":"status-publish","4":"has-post-thumbnail","6":"product_cat-mesas-vibratorias-es","7":"pa_baujahr-182","8":"pa_hersteller-polar-mohr-hofheim","9":"pa_typ-polar-rb-2","11":"first","12":"instock","13":"sold-individually","14":"taxable","15":"shipping-taxable","16":"purchasable","17":"product-type-simple"},"jetpack_sharing_enabled":true,"_links":{"self":[{"href":"https:\/\/www.3p-gmbh.de\/es\/wp-json\/wp\/v2\/product\/91641","targetHints":{"allow":["GET"]}}],"collection":[{"href":"https:\/\/www.3p-gmbh.de\/es\/wp-json\/wp\/v2\/product"}],"about":[{"href":"https:\/\/www.3p-gmbh.de\/es\/wp-json\/wp\/v2\/types\/product"}],"wp:featuredmedia":[{"embeddable":true,"href":"https:\/\/www.3p-gmbh.de\/es\/wp-json\/wp\/v2\/media\/70672"}],"wp:attachment":[{"href":"https:\/\/www.3p-gmbh.de\/es\/wp-json\/wp\/v2\/media?parent=91641"}],"wp:term":[{"taxonomy":"product_brand","embeddable":true,"href":"https:\/\/www.3p-gmbh.de\/es\/wp-json\/wp\/v2\/product_brand?post=91641"},{"taxonomy":"product_cat","embeddable":true,"href":"https:\/\/www.3p-gmbh.de\/es\/wp-json\/wp\/v2\/product_cat?post=91641"},{"taxonomy":"product_tag","embeddable":true,"href":"https:\/\/www.3p-gmbh.de\/es\/wp-json\/wp\/v2\/product_tag?post=91641"}],"curies":[{"name":"wp","href":"https:\/\/api.w.org\/{rel}","templated":true}]}}