{"id":91640,"date":"2019-07-11T13:59:08","date_gmt":"2019-07-11T13:59:08","guid":{"rendered":"https:\/\/www.3p-gmbh.de\/produkt\/schneider-senator-perfiladora-automatica-pj-0072\/"},"modified":"2019-07-11T13:59:08","modified_gmt":"2019-07-11T13:59:08","slug":"ruettelautomat-3","status":"publish","type":"product","link":"https:\/\/www.3p-gmbh.de\/es\/produkt\/ruettelautomat-3\/","title":{"rendered":"Schneider Senator Perfiladora autom\u00e1tica PJ 0072"},"content":{"rendered":"<p>con mesa de aire de acero inoxidable<br \/>\nFormato para tama\u00f1o de hoja 0B<br \/>\nTama\u00f1o de la hoja 66 x 88 cm<br \/>\ncon tope adicional para formatos peque\u00f1os<\/p>\n","protected":false},"excerpt":{"rendered":"<p>con mesa de aire de acero inoxidable Formato para tama\u00f1o de hoja 0B Tama\u00f1o de la hoja 66 x 88 cm con tope adicional para formatos peque\u00f1os<\/p>\n","protected":false},"featured_media":69856,"template":"","meta":[],"product_brand":[],"product_cat":[3070],"product_tag":[],"class_list":{"0":"post-91640","1":"product","2":"type-product","3":"status-publish","4":"has-post-thumbnail","6":"product_cat-mesas-vibratorias-es","7":"pa_baujahr-188","8":"pa_hersteller-schneider-senator","9":"pa_typ-profiline-pj-0072","11":"first","12":"instock","13":"sold-individually","14":"taxable","15":"shipping-taxable","16":"purchasable","17":"product-type-simple"},"jetpack_sharing_enabled":true,"_links":{"self":[{"href":"https:\/\/www.3p-gmbh.de\/es\/wp-json\/wp\/v2\/product\/91640","targetHints":{"allow":["GET"]}}],"collection":[{"href":"https:\/\/www.3p-gmbh.de\/es\/wp-json\/wp\/v2\/product"}],"about":[{"href":"https:\/\/www.3p-gmbh.de\/es\/wp-json\/wp\/v2\/types\/product"}],"wp:featuredmedia":[{"embeddable":true,"href":"https:\/\/www.3p-gmbh.de\/es\/wp-json\/wp\/v2\/media\/69856"}],"wp:attachment":[{"href":"https:\/\/www.3p-gmbh.de\/es\/wp-json\/wp\/v2\/media?parent=91640"}],"wp:term":[{"taxonomy":"product_brand","embeddable":true,"href":"https:\/\/www.3p-gmbh.de\/es\/wp-json\/wp\/v2\/product_brand?post=91640"},{"taxonomy":"product_cat","embeddable":true,"href":"https:\/\/www.3p-gmbh.de\/es\/wp-json\/wp\/v2\/product_cat?post=91640"},{"taxonomy":"product_tag","embeddable":true,"href":"https:\/\/www.3p-gmbh.de\/es\/wp-json\/wp\/v2\/product_tag?post=91640"}],"curies":[{"name":"wp","href":"https:\/\/api.w.org\/{rel}","templated":true}]}}