{"id":91633,"date":"2019-07-11T13:59:08","date_gmt":"2019-07-11T13:59:08","guid":{"rendered":"https:\/\/www.3p-gmbh.de\/produkt\/maquina-de-hendido-y-plegado-ernst-nagel-morgana-digifold-pro\/"},"modified":"2019-07-11T13:59:08","modified_gmt":"2019-07-11T13:59:08","slug":"maquina-de-hendido-y-plegado","status":"publish","type":"product","link":"https:\/\/www.3p-gmbh.de\/es\/produkt\/maquina-de-hendido-y-plegado\/","title":{"rendered":"M\u00e1quina de hendido y plegado Ernst Nagel\/Morgana Digifold Pro"},"content":{"rendered":"<p>La DigiFold Pro combina la probada tecnolog\u00eda de hendido de una AutoRillnak con un convincente sistema de plegado.<br \/>\nSe reduce significativamente el riesgo de marcar o rayar materiales sensibles durante su posterior procesamiento.<br \/>\ny se produce un pliegue perfectamente n\u00edtido e intacto, ideal para la impresi\u00f3n digital, pero no s\u00f3lo ah\u00ed.<br \/>\nLa combinaci\u00f3n de hendido y plegado en una unidad compacta crea una m\u00e1quina muy productiva y f\u00e1cil de usar,<br \/>\ncentro de acabado m\u00f3vil que trabaja eficazmente tanto con impresiones digitales como con materiales gruesos y pesados.<\/p>\n<p>Ventajas<br \/>\nCalidad &#8211; el papel hendido permite un plegado de alta calidad de hasta 0,4 mm (aprox. 400 gramos\/m\u00b2)<br \/>\nVelocidad: hasta 6.000 cuadernillos \/ hora<br \/>\nFuncionamiento: pantalla t\u00e1ctil grande y clara<br \/>\ny tipos de plegado preestablecidos para un ajuste sencillo y r\u00e1pido incluso en las tiradas m\u00e1s cortas<br \/>\nTiempo de preparaci\u00f3n: m\u00ednimo esfuerzo de preparaci\u00f3n incluso para las tiradas m\u00e1s peque\u00f1as<br \/>\nPeque\u00f1as tiradas, cambios de \u00faltima hora por variaci\u00f3n de fechas, personalizaciones<br \/>\ny las impresiones personalizadas requieren una gran flexibilidad y plazos de producci\u00f3n cortos, especialmente para las imprentas digitales.<br \/>\nLas m\u00e1quinas de acabado tambi\u00e9n tienen que estar a la altura.<br \/>\nTiempos de preparaci\u00f3n cortos, residuos m\u00ednimos y facilidad de uso son algunos de los criterios elementales.<\/p>\n","protected":false},"excerpt":{"rendered":"<p>La DigiFold Pro combina la probada tecnolog\u00eda de hendido de una AutoRillnak con un convincente sistema de plegado. Se reduce significativamente el riesgo de marcar o rayar materiales sensibles durante su posterior procesamiento. y se produce un pliegue perfectamente n\u00edtido e intacto, ideal para la impresi\u00f3n digital, pero no s\u00f3lo ah\u00ed. La combinaci\u00f3n de hendido [&hellip;]<\/p>\n","protected":false},"featured_media":69886,"template":"","meta":[],"product_brand":[],"product_cat":[2982],"product_tag":[],"class_list":{"0":"post-91633","1":"product","2":"type-product","3":"status-publish","4":"has-post-thumbnail","6":"product_cat-plegadoras","7":"pa_baujahr-137","8":"pa_hersteller-ernst-nagel-morgana","9":"pa_typ-digifold-pro","11":"first","12":"instock","13":"sold-individually","14":"taxable","15":"shipping-taxable","16":"purchasable","17":"product-type-simple"},"jetpack_sharing_enabled":true,"_links":{"self":[{"href":"https:\/\/www.3p-gmbh.de\/es\/wp-json\/wp\/v2\/product\/91633","targetHints":{"allow":["GET"]}}],"collection":[{"href":"https:\/\/www.3p-gmbh.de\/es\/wp-json\/wp\/v2\/product"}],"about":[{"href":"https:\/\/www.3p-gmbh.de\/es\/wp-json\/wp\/v2\/types\/product"}],"wp:featuredmedia":[{"embeddable":true,"href":"https:\/\/www.3p-gmbh.de\/es\/wp-json\/wp\/v2\/media\/69886"}],"wp:attachment":[{"href":"https:\/\/www.3p-gmbh.de\/es\/wp-json\/wp\/v2\/media?parent=91633"}],"wp:term":[{"taxonomy":"product_brand","embeddable":true,"href":"https:\/\/www.3p-gmbh.de\/es\/wp-json\/wp\/v2\/product_brand?post=91633"},{"taxonomy":"product_cat","embeddable":true,"href":"https:\/\/www.3p-gmbh.de\/es\/wp-json\/wp\/v2\/product_cat?post=91633"},{"taxonomy":"product_tag","embeddable":true,"href":"https:\/\/www.3p-gmbh.de\/es\/wp-json\/wp\/v2\/product_tag?post=91633"}],"curies":[{"name":"wp","href":"https:\/\/api.w.org\/{rel}","templated":true}]}}