{"id":91623,"date":"2019-07-11T13:59:08","date_gmt":"2019-07-11T13:59:08","guid":{"rendered":"https:\/\/www.3p-gmbh.de\/produkt\/hang-136-4-maquina-perforadora-de-papel-de-cuatro-husillos\/"},"modified":"2019-07-11T13:59:08","modified_gmt":"2019-07-11T13:59:08","slug":"taladradora-de-papel-de-cuatro-husillos-3","status":"publish","type":"product","link":"https:\/\/www.3p-gmbh.de\/es\/produkt\/taladradora-de-papel-de-cuatro-husillos-3\/","title":{"rendered":"Hang 136-4 M\u00e1quina perforadora de papel de cuatro husillos"},"content":{"rendered":"<p>&#8211; 4 husillos con carrera autom\u00e1tica<br \/>\n&#8211; Distancia entre orificios ajustable de 36 mm a 260 mm<br \/>\n&#8211; Di\u00e1metro de la broca 3 &#8211; 8 mm<br \/>\n&#8211; Altura de apilado hasta m\u00e1x. 60 mm<br \/>\n&#8211; Velocidad de perforaci\u00f3n 1800 rpm.<br \/>\n&#8211; Velocidad de carrera del husillo 21 \u00b9\/min.<br \/>\n&#8211; Profundidad de trabajo 120 mm<br \/>\n&#8211; tope trasero regulable de 6 a 120 mm con escala<br \/>\n&#8211; Borde frontal de la mesa a centro de taladro 300 mm<br \/>\n&#8211; Tensi\u00f3n\/frecuencia: 400 voltios, 3ph. 50 Hz.<\/p>\n","protected":false},"excerpt":{"rendered":"<p>&#8211; 4 husillos con carrera autom\u00e1tica &#8211; Distancia entre orificios ajustable de 36 mm a 260 mm &#8211; Di\u00e1metro de la broca 3 &#8211; 8 mm &#8211; Altura de apilado hasta m\u00e1x. 60 mm &#8211; Velocidad de perforaci\u00f3n 1800 rpm. &#8211; Velocidad de carrera del husillo 21 \u00b9\/min. &#8211; Profundidad de trabajo 120 mm &#8211; [&hellip;]<\/p>\n","protected":false},"featured_media":69838,"template":"","meta":[],"product_brand":[],"product_cat":[2956],"product_tag":[],"class_list":{"0":"post-91623","1":"product","2":"type-product","3":"status-publish","4":"has-post-thumbnail","6":"product_cat-taladros-de-papel","7":"pa_baujahr-194","8":"pa_hersteller-constantin-hang","9":"pa_typ-136-4","11":"first","12":"instock","13":"sold-individually","14":"taxable","15":"shipping-taxable","16":"purchasable","17":"product-type-simple"},"jetpack_sharing_enabled":true,"_links":{"self":[{"href":"https:\/\/www.3p-gmbh.de\/es\/wp-json\/wp\/v2\/product\/91623","targetHints":{"allow":["GET"]}}],"collection":[{"href":"https:\/\/www.3p-gmbh.de\/es\/wp-json\/wp\/v2\/product"}],"about":[{"href":"https:\/\/www.3p-gmbh.de\/es\/wp-json\/wp\/v2\/types\/product"}],"wp:featuredmedia":[{"embeddable":true,"href":"https:\/\/www.3p-gmbh.de\/es\/wp-json\/wp\/v2\/media\/69838"}],"wp:attachment":[{"href":"https:\/\/www.3p-gmbh.de\/es\/wp-json\/wp\/v2\/media?parent=91623"}],"wp:term":[{"taxonomy":"product_brand","embeddable":true,"href":"https:\/\/www.3p-gmbh.de\/es\/wp-json\/wp\/v2\/product_brand?post=91623"},{"taxonomy":"product_cat","embeddable":true,"href":"https:\/\/www.3p-gmbh.de\/es\/wp-json\/wp\/v2\/product_cat?post=91623"},{"taxonomy":"product_tag","embeddable":true,"href":"https:\/\/www.3p-gmbh.de\/es\/wp-json\/wp\/v2\/product_tag?post=91623"}],"curies":[{"name":"wp","href":"https:\/\/api.w.org\/{rel}","templated":true}]}}