{"id":91612,"date":"2019-12-03T15:59:15","date_gmt":"2019-12-03T15:59:15","guid":{"rendered":"https:\/\/www.3p-gmbh.de\/produkt\/enfajadora-movil-band-all-modelo-ba-32-50\/"},"modified":"2019-12-03T15:59:15","modified_gmt":"2019-12-03T15:59:15","slug":"band-all-model-ba-32-50-mobile-banding-machine","status":"publish","type":"product","link":"https:\/\/www.3p-gmbh.de\/es\/produkt\/band-all-model-ba-32-50-mobile-banding-machine\/","title":{"rendered":"Enfajadora m\u00f3vil Band All Modelo BA 32-50"},"content":{"rendered":"<p>para pel\u00edcula de pl\u00e1stico (tambi\u00e9n extremadamente fina) y cinta de papel<br \/>\nAncho de banda: 50 mm<br \/>\nEnvases: 275 x 205 mm<br \/>\nSe pueden guardar varios programas<br \/>\nAjuste de la tensi\u00f3n de la correa<br \/>\nAjuste del tiempo de soldadura<br \/>\nAjuste de la duraci\u00f3n de la ejecuci\u00f3n<br \/>\nOtros ajustes<br \/>\nConexi\u00f3n neum\u00e1tica (aire comprimido a cargo del cliente)<br \/>\nConexi\u00f3n: 230 V<br \/>\nPeso aprox. kg<br \/>\nDimensiones: 700 x 530 x 1.290 mm (ancho x fondo x alto)<\/p>\n","protected":false},"excerpt":{"rendered":"<p>para pel\u00edcula de pl\u00e1stico (tambi\u00e9n extremadamente fina) y cinta de papel Ancho de banda: 50 mm Envases: 275 x 205 mm Se pueden guardar varios programas Ajuste de la tensi\u00f3n de la correa Ajuste del tiempo de soldadura Ajuste de la duraci\u00f3n de la ejecuci\u00f3n Otros ajustes Conexi\u00f3n neum\u00e1tica (aire comprimido a cargo del cliente) [&hellip;]<\/p>\n","protected":false},"featured_media":75934,"template":"","meta":[],"product_brand":[],"product_cat":[2862],"product_tag":[],"class_list":{"0":"post-91612","1":"product","2":"type-product","3":"status-publish","4":"has-post-thumbnail","6":"product_cat-maquinas-perladoras","7":"pa_hersteller-band-all","8":"pa_typ-ba-32-50","10":"first","11":"instock","12":"taxable","13":"shipping-taxable","14":"purchasable","15":"product-type-simple"},"jetpack_sharing_enabled":true,"_links":{"self":[{"href":"https:\/\/www.3p-gmbh.de\/es\/wp-json\/wp\/v2\/product\/91612","targetHints":{"allow":["GET"]}}],"collection":[{"href":"https:\/\/www.3p-gmbh.de\/es\/wp-json\/wp\/v2\/product"}],"about":[{"href":"https:\/\/www.3p-gmbh.de\/es\/wp-json\/wp\/v2\/types\/product"}],"wp:featuredmedia":[{"embeddable":true,"href":"https:\/\/www.3p-gmbh.de\/es\/wp-json\/wp\/v2\/media\/75934"}],"wp:attachment":[{"href":"https:\/\/www.3p-gmbh.de\/es\/wp-json\/wp\/v2\/media?parent=91612"}],"wp:term":[{"taxonomy":"product_brand","embeddable":true,"href":"https:\/\/www.3p-gmbh.de\/es\/wp-json\/wp\/v2\/product_brand?post=91612"},{"taxonomy":"product_cat","embeddable":true,"href":"https:\/\/www.3p-gmbh.de\/es\/wp-json\/wp\/v2\/product_cat?post=91612"},{"taxonomy":"product_tag","embeddable":true,"href":"https:\/\/www.3p-gmbh.de\/es\/wp-json\/wp\/v2\/product_tag?post=91612"}],"curies":[{"name":"wp","href":"https:\/\/api.w.org\/{rel}","templated":true}]}}