{"id":91597,"date":"2019-12-09T10:37:10","date_gmt":"2019-12-09T10:37:10","guid":{"rendered":"https:\/\/www.3p-gmbh.de\/produkt\/cortahojas-corto-gris-106-cm\/"},"modified":"2019-12-09T10:37:10","modified_gmt":"2019-12-09T10:37:10","slug":"cuchilla-de-hoja-corta-gris-106-cm","status":"publish","type":"product","link":"https:\/\/www.3p-gmbh.de\/es\/produkt\/cuchilla-de-hoja-corta-gris-106-cm\/","title":{"rendered":"Cortahojas corto gris 106 cm"},"content":{"rendered":"<ul>\n<li>Cortador de l\u00e1minas para cortar l\u00e1minas en relieve a medida<\/li>\n<li>con cuchillo de separaci\u00f3n<\/li>\n<li>m\u00e1x. Anchura de inserci\u00f3n aprox. 106 cm<\/li>\n<li>Conexi\u00f3n el\u00e9ctrica: 220 V<\/li>\n<li>para di\u00e1metro interior del n\u00facleo de 25 mm<\/li>\n<\/ul>\n<p>&nbsp;<\/p>\n","protected":false},"excerpt":{"rendered":"<p>Cortador de l\u00e1minas para cortar l\u00e1minas en relieve a medida con cuchillo de separaci\u00f3n m\u00e1x. Anchura de inserci\u00f3n aprox. 106 cm Conexi\u00f3n el\u00e9ctrica: 220 V para di\u00e1metro interior del n\u00facleo de 25 mm &nbsp;<\/p>\n","protected":false},"featured_media":76216,"template":"","meta":[],"product_brand":[],"product_cat":[2873,2880],"product_tag":[],"class_list":{"0":"post-91597","1":"product","2":"type-product","3":"status-publish","4":"has-post-thumbnail","6":"product_cat-otros-tratamientos-posteriores","7":"product_cat-tipografia","9":"first","10":"instock","11":"taxable","12":"shipping-taxable","13":"purchasable","14":"product-type-simple"},"jetpack_sharing_enabled":true,"_links":{"self":[{"href":"https:\/\/www.3p-gmbh.de\/es\/wp-json\/wp\/v2\/product\/91597","targetHints":{"allow":["GET"]}}],"collection":[{"href":"https:\/\/www.3p-gmbh.de\/es\/wp-json\/wp\/v2\/product"}],"about":[{"href":"https:\/\/www.3p-gmbh.de\/es\/wp-json\/wp\/v2\/types\/product"}],"wp:featuredmedia":[{"embeddable":true,"href":"https:\/\/www.3p-gmbh.de\/es\/wp-json\/wp\/v2\/media\/76216"}],"wp:attachment":[{"href":"https:\/\/www.3p-gmbh.de\/es\/wp-json\/wp\/v2\/media?parent=91597"}],"wp:term":[{"taxonomy":"product_brand","embeddable":true,"href":"https:\/\/www.3p-gmbh.de\/es\/wp-json\/wp\/v2\/product_brand?post=91597"},{"taxonomy":"product_cat","embeddable":true,"href":"https:\/\/www.3p-gmbh.de\/es\/wp-json\/wp\/v2\/product_cat?post=91597"},{"taxonomy":"product_tag","embeddable":true,"href":"https:\/\/www.3p-gmbh.de\/es\/wp-json\/wp\/v2\/product_tag?post=91597"}],"curies":[{"name":"wp","href":"https:\/\/api.w.org\/{rel}","templated":true}]}}