{"id":91593,"date":"2019-12-05T10:23:37","date_gmt":"2019-12-05T10:23:37","guid":{"rendered":"https:\/\/www.3p-gmbh.de\/produkt\/mega-steel-standard-light-tuning-desk-attachment-0b-with-mega-steel-drawer-cabinet\/"},"modified":"2019-12-05T10:23:37","modified_gmt":"2019-12-05T10:23:37","slug":"mega-steel-norm-light-tuning-desk-0b-con-mega-acero-cajonera-armario","status":"publish","type":"product","link":"https:\/\/www.3p-gmbh.de\/es\/produkt\/mega-steel-norm-light-tuning-desk-0b-con-mega-acero-cajonera-armario\/","title":{"rendered":"Mega steel standard light tuning desk attachment 0B with Mega steel drawer cabinet"},"content":{"rendered":"<p>con l\u00e1mpara de prueba de color asim\u00e9trica para evitar reflejos y sombras.<br \/>\nL\u00e1mpara de prueba de color con tubos fluorescentes especiales,<br \/>\nescritorio inclinado y pared posterior magn\u00e9tica iluminada para el formato de impresi\u00f3n 0B<br \/>\n1 panel trasero magn\u00e9tico Tama\u00f1o \u00fatil 100 x 72 cm<\/p>\n","protected":false},"excerpt":{"rendered":"<p>con l\u00e1mpara de prueba de color asim\u00e9trica para evitar reflejos y sombras. L\u00e1mpara de prueba de color con tubos fluorescentes especiales, escritorio inclinado y pared posterior magn\u00e9tica iluminada para el formato de impresi\u00f3n 0B 1 panel trasero magn\u00e9tico Tama\u00f1o \u00fatil 100 x 72 cm<\/p>\n","protected":false},"featured_media":76027,"template":"","meta":[],"product_brand":[],"product_cat":[2933],"product_tag":[],"class_list":{"0":"post-91593","1":"product","2":"type-product","3":"status-publish","4":"has-post-thumbnail","6":"product_cat-instrumentos-de-medida-y-control-de-calidad","7":"pa_hersteller-mega-stahl","9":"first","10":"instock","11":"taxable","12":"shipping-taxable","13":"purchasable","14":"product-type-simple"},"jetpack_sharing_enabled":true,"_links":{"self":[{"href":"https:\/\/www.3p-gmbh.de\/es\/wp-json\/wp\/v2\/product\/91593","targetHints":{"allow":["GET"]}}],"collection":[{"href":"https:\/\/www.3p-gmbh.de\/es\/wp-json\/wp\/v2\/product"}],"about":[{"href":"https:\/\/www.3p-gmbh.de\/es\/wp-json\/wp\/v2\/types\/product"}],"wp:featuredmedia":[{"embeddable":true,"href":"https:\/\/www.3p-gmbh.de\/es\/wp-json\/wp\/v2\/media\/76027"}],"wp:attachment":[{"href":"https:\/\/www.3p-gmbh.de\/es\/wp-json\/wp\/v2\/media?parent=91593"}],"wp:term":[{"taxonomy":"product_brand","embeddable":true,"href":"https:\/\/www.3p-gmbh.de\/es\/wp-json\/wp\/v2\/product_brand?post=91593"},{"taxonomy":"product_cat","embeddable":true,"href":"https:\/\/www.3p-gmbh.de\/es\/wp-json\/wp\/v2\/product_cat?post=91593"},{"taxonomy":"product_tag","embeddable":true,"href":"https:\/\/www.3p-gmbh.de\/es\/wp-json\/wp\/v2\/product_tag?post=91593"}],"curies":[{"name":"wp","href":"https:\/\/api.w.org\/{rel}","templated":true}]}}