{"id":91576,"date":"2019-12-09T10:19:45","date_gmt":"2019-12-09T10:19:45","guid":{"rendered":"https:\/\/www.3p-gmbh.de\/produkt\/transpaleta-butler-1200\/"},"modified":"2019-12-09T10:19:45","modified_gmt":"2019-12-09T10:19:45","slug":"elevador-de-palets-butler-1200","status":"publish","type":"product","link":"https:\/\/www.3p-gmbh.de\/es\/produkt\/elevador-de-palets-butler-1200\/","title":{"rendered":"Transpaleta Butler 1200"},"content":{"rendered":"<ul>\n<li>Mantiene las paletas a la altura \u00f3ptima de trabajo<\/li>\n<li>La elevaci\u00f3n y el descenso se realizan mediante pulsadores<\/li>\n<li>Las ruedas facilitan el transporte al lugar de trabajo<\/li>\n<li>Longitud de horquilla de 1100 mm adecuada para europal\u00e9s est\u00e1ndar<\/li>\n<li>Peso propio: 330 kg<\/li>\n<li>Capacidad de carga: 1200 kg<\/li>\n<li>Altura de elevaci\u00f3n: 1000 mm<\/li>\n<li>Alimentaci\u00f3n: 380 V, por lo tanto mucho mejor que la carretilla elevadora de tijera con bater\u00eda<\/li>\n<\/ul>\n","protected":false},"excerpt":{"rendered":"<p>Mantiene las paletas a la altura \u00f3ptima de trabajo La elevaci\u00f3n y el descenso se realizan mediante pulsadores Las ruedas facilitan el transporte al lugar de trabajo Longitud de horquilla de 1100 mm adecuada para europal\u00e9s est\u00e1ndar Peso propio: 330 kg Capacidad de carga: 1200 kg Altura de elevaci\u00f3n: 1000 mm Alimentaci\u00f3n: 380 V, por [&hellip;]<\/p>\n","protected":false},"featured_media":76177,"template":"","meta":[],"product_brand":[],"product_cat":[2975],"product_tag":[],"class_list":{"0":"post-91576","1":"product","2":"type-product","3":"status-publish","4":"has-post-thumbnail","6":"product_cat-elevadores-y-apiladores","7":"pa_typ-butler-1200","9":"first","10":"instock","11":"taxable","12":"shipping-taxable","13":"purchasable","14":"product-type-simple"},"jetpack_sharing_enabled":true,"_links":{"self":[{"href":"https:\/\/www.3p-gmbh.de\/es\/wp-json\/wp\/v2\/product\/91576","targetHints":{"allow":["GET"]}}],"collection":[{"href":"https:\/\/www.3p-gmbh.de\/es\/wp-json\/wp\/v2\/product"}],"about":[{"href":"https:\/\/www.3p-gmbh.de\/es\/wp-json\/wp\/v2\/types\/product"}],"wp:featuredmedia":[{"embeddable":true,"href":"https:\/\/www.3p-gmbh.de\/es\/wp-json\/wp\/v2\/media\/76177"}],"wp:attachment":[{"href":"https:\/\/www.3p-gmbh.de\/es\/wp-json\/wp\/v2\/media?parent=91576"}],"wp:term":[{"taxonomy":"product_brand","embeddable":true,"href":"https:\/\/www.3p-gmbh.de\/es\/wp-json\/wp\/v2\/product_brand?post=91576"},{"taxonomy":"product_cat","embeddable":true,"href":"https:\/\/www.3p-gmbh.de\/es\/wp-json\/wp\/v2\/product_cat?post=91576"},{"taxonomy":"product_tag","embeddable":true,"href":"https:\/\/www.3p-gmbh.de\/es\/wp-json\/wp\/v2\/product_tag?post=91576"}],"curies":[{"name":"wp","href":"https:\/\/api.w.org\/{rel}","templated":true}]}}