{"id":91574,"date":"2019-12-09T10:16:15","date_gmt":"2019-12-09T10:16:15","guid":{"rendered":"https:\/\/www.3p-gmbh.de\/produkt\/elevadores-de-pales-fac\/"},"modified":"2019-12-09T10:16:15","modified_gmt":"2019-12-09T10:16:15","slug":"elevadores-de-palets-fac","status":"publish","type":"product","link":"https:\/\/www.3p-gmbh.de\/es\/produkt\/elevadores-de-palets-fac\/","title":{"rendered":"Elevadores de pal\u00e9s FAC"},"content":{"rendered":"<p>Mantiene las paletas a la altura \u00f3ptima de trabajo, la elevaci\u00f3n y el descenso se realizan mediante teclas de desplazamiento,<\/p>\n<p>Las ruedas facilitan el transporte al lugar de trabajo<br \/>\nLongitud de horquilla de 1100 mm adecuada para europal\u00e9s est\u00e1ndar<br \/>\nPeso propio: 330 kg<br \/>\nCapacidad de carga: 1200 kg<br \/>\nAltura de elevaci\u00f3n: 1000 mm<br \/>\nAlimentaci\u00f3n: 380 V, por lo tanto, mucho mejor que la carretilla elevadora de tijera con bater\u00eda<\/p>\n","protected":false},"excerpt":{"rendered":"<p>Mantiene las paletas a la altura \u00f3ptima de trabajo, la elevaci\u00f3n y el descenso se realizan mediante teclas de desplazamiento, Las ruedas facilitan el transporte al lugar de trabajo Longitud de horquilla de 1100 mm adecuada para europal\u00e9s est\u00e1ndar Peso propio: 330 kg Capacidad de carga: 1200 kg Altura de elevaci\u00f3n: 1000 mm Alimentaci\u00f3n: 380 [&hellip;]<\/p>\n","protected":false},"featured_media":76180,"template":"","meta":[],"product_brand":[],"product_cat":[2975],"product_tag":[],"class_list":{"0":"post-91574","1":"product","2":"type-product","3":"status-publish","4":"has-post-thumbnail","6":"product_cat-elevadores-y-apiladores","7":"pa_typ-fac","9":"first","10":"instock","11":"taxable","12":"shipping-taxable","13":"purchasable","14":"product-type-simple"},"jetpack_sharing_enabled":true,"_links":{"self":[{"href":"https:\/\/www.3p-gmbh.de\/es\/wp-json\/wp\/v2\/product\/91574","targetHints":{"allow":["GET"]}}],"collection":[{"href":"https:\/\/www.3p-gmbh.de\/es\/wp-json\/wp\/v2\/product"}],"about":[{"href":"https:\/\/www.3p-gmbh.de\/es\/wp-json\/wp\/v2\/types\/product"}],"wp:featuredmedia":[{"embeddable":true,"href":"https:\/\/www.3p-gmbh.de\/es\/wp-json\/wp\/v2\/media\/76180"}],"wp:attachment":[{"href":"https:\/\/www.3p-gmbh.de\/es\/wp-json\/wp\/v2\/media?parent=91574"}],"wp:term":[{"taxonomy":"product_brand","embeddable":true,"href":"https:\/\/www.3p-gmbh.de\/es\/wp-json\/wp\/v2\/product_brand?post=91574"},{"taxonomy":"product_cat","embeddable":true,"href":"https:\/\/www.3p-gmbh.de\/es\/wp-json\/wp\/v2\/product_cat?post=91574"},{"taxonomy":"product_tag","embeddable":true,"href":"https:\/\/www.3p-gmbh.de\/es\/wp-json\/wp\/v2\/product_tag?post=91574"}],"curies":[{"name":"wp","href":"https:\/\/api.w.org\/{rel}","templated":true}]}}