{"id":91562,"date":"2019-12-10T13:38:56","date_gmt":"2019-12-10T13:38:56","guid":{"rendered":"https:\/\/www.3p-gmbh.de\/produkt\/alimentador-por-succion-y-deslizamiento-bvm-a-3535\/"},"modified":"2019-12-10T13:38:56","modified_gmt":"2019-12-10T13:38:56","slug":"bvm-saug-schiebe-anleger-a-3535","status":"publish","type":"product","link":"https:\/\/www.3p-gmbh.de\/es\/produkt\/bvm-saug-schiebe-anleger-a-3535\/","title":{"rendered":"Alimentador por succi\u00f3n y deslizamiento BVM A 3535"},"content":{"rendered":"<p>para la alimentaci\u00f3n autom\u00e1tica de revistas, cat\u00e1logos, blocs en la envasadora<\/p>\n<p>Datos t\u00e9cnicos<br \/>\nFormato m\u00e1ximo: 350 x 350 x 30 mm<br \/>\n350 x 280 x 50 mm<\/p>\n","protected":false},"excerpt":{"rendered":"<p>para la alimentaci\u00f3n autom\u00e1tica de revistas, cat\u00e1logos, blocs en la envasadora Datos t\u00e9cnicos Formato m\u00e1ximo: 350 x 350 x 30 mm 350 x 280 x 50 mm<\/p>\n","protected":false},"featured_media":116010,"template":"","meta":[],"product_brand":[],"product_cat":[3022],"product_tag":[],"class_list":{"0":"post-91562","1":"product","2":"type-product","3":"status-publish","4":"has-post-thumbnail","6":"product_cat-inversores","7":"pa_hersteller-bvm","8":"pa_typ-a-3535","10":"first","11":"instock","12":"taxable","13":"shipping-taxable","14":"purchasable","15":"product-type-simple"},"jetpack_sharing_enabled":true,"_links":{"self":[{"href":"https:\/\/www.3p-gmbh.de\/es\/wp-json\/wp\/v2\/product\/91562","targetHints":{"allow":["GET"]}}],"collection":[{"href":"https:\/\/www.3p-gmbh.de\/es\/wp-json\/wp\/v2\/product"}],"about":[{"href":"https:\/\/www.3p-gmbh.de\/es\/wp-json\/wp\/v2\/types\/product"}],"wp:featuredmedia":[{"embeddable":true,"href":"https:\/\/www.3p-gmbh.de\/es\/wp-json\/wp\/v2\/media\/116010"}],"wp:attachment":[{"href":"https:\/\/www.3p-gmbh.de\/es\/wp-json\/wp\/v2\/media?parent=91562"}],"wp:term":[{"taxonomy":"product_brand","embeddable":true,"href":"https:\/\/www.3p-gmbh.de\/es\/wp-json\/wp\/v2\/product_brand?post=91562"},{"taxonomy":"product_cat","embeddable":true,"href":"https:\/\/www.3p-gmbh.de\/es\/wp-json\/wp\/v2\/product_cat?post=91562"},{"taxonomy":"product_tag","embeddable":true,"href":"https:\/\/www.3p-gmbh.de\/es\/wp-json\/wp\/v2\/product_tag?post=91562"}],"curies":[{"name":"wp","href":"https:\/\/api.w.org\/{rel}","templated":true}]}}