{"id":91553,"date":"2019-12-10T13:50:22","date_gmt":"2019-12-10T13:50:22","guid":{"rendered":"https:\/\/www.3p-gmbh.de\/produkt\/grieser-kunzmann-guk-ks-235-3-expositor-vertical-de-pequeno-formato-movil-y-regulable-en-altura\/"},"modified":"2019-12-10T13:50:22","modified_gmt":"2019-12-10T13:50:22","slug":"grieser-kunzmann-guk-ks-235-3-mobile-height-adjustable-small-format-standing-display","status":"publish","type":"product","link":"https:\/\/www.3p-gmbh.de\/es\/produkt\/grieser-kunzmann-guk-ks-235-3-mobile-height-adjustable-small-format-standing-display\/","title":{"rendered":"Grieser &amp; Kunzmann GUK KS 235 \/ 3 expositor vertical de peque\u00f1o formato, m\u00f3vil y regulable en altura"},"content":{"rendered":"<p>con convertidor de frecuencia y contador de preselecci\u00f3n<\/p>\n<p>M\u00e1quinas n\u00ba 55661<\/p>\n","protected":false},"excerpt":{"rendered":"<p>con convertidor de frecuencia y contador de preselecci\u00f3n M\u00e1quinas n\u00ba 55661<\/p>\n","protected":false},"featured_media":76363,"template":"","meta":[],"product_brand":[],"product_cat":[2913],"product_tag":[],"class_list":{"0":"post-91553","1":"product","2":"type-product","3":"status-publish","4":"has-post-thumbnail","6":"product_cat-gastos","7":"pa_hersteller-grieser-kunzmann-guk","8":"pa_typ-ks-235-3","10":"first","11":"instock","12":"taxable","13":"shipping-taxable","14":"purchasable","15":"product-type-simple"},"jetpack_sharing_enabled":true,"_links":{"self":[{"href":"https:\/\/www.3p-gmbh.de\/es\/wp-json\/wp\/v2\/product\/91553","targetHints":{"allow":["GET"]}}],"collection":[{"href":"https:\/\/www.3p-gmbh.de\/es\/wp-json\/wp\/v2\/product"}],"about":[{"href":"https:\/\/www.3p-gmbh.de\/es\/wp-json\/wp\/v2\/types\/product"}],"wp:featuredmedia":[{"embeddable":true,"href":"https:\/\/www.3p-gmbh.de\/es\/wp-json\/wp\/v2\/media\/76363"}],"wp:attachment":[{"href":"https:\/\/www.3p-gmbh.de\/es\/wp-json\/wp\/v2\/media?parent=91553"}],"wp:term":[{"taxonomy":"product_brand","embeddable":true,"href":"https:\/\/www.3p-gmbh.de\/es\/wp-json\/wp\/v2\/product_brand?post=91553"},{"taxonomy":"product_cat","embeddable":true,"href":"https:\/\/www.3p-gmbh.de\/es\/wp-json\/wp\/v2\/product_cat?post=91553"},{"taxonomy":"product_tag","embeddable":true,"href":"https:\/\/www.3p-gmbh.de\/es\/wp-json\/wp\/v2\/product_tag?post=91553"}],"curies":[{"name":"wp","href":"https:\/\/api.w.org\/{rel}","templated":true}]}}