{"id":91542,"date":"2019-12-10T14:31:58","date_gmt":"2019-12-10T14:31:58","guid":{"rendered":"https:\/\/www.3p-gmbh.de\/produkt\/rietschle-cev-3709-compresor-para-cojines-de-aire\/"},"modified":"2019-12-10T14:31:58","modified_gmt":"2019-12-10T14:31:58","slug":"rietschle-cev-3709-compresor-para-cojines-de-aire","status":"publish","type":"product","link":"https:\/\/www.3p-gmbh.de\/es\/produkt\/rietschle-cev-3709-compresor-para-cojines-de-aire\/","title":{"rendered":"Rietschle CEV 3709 Compresor para cojines de aire"},"content":{"rendered":"<p>&#8211; Soplante radial de tres a cinco etapas para funcionamiento a presi\u00f3n<br \/>\n&#8211; Dise\u00f1o compacto<br \/>\n&#8211; Baja temperatura incluso con estrangulamiento<br \/>\n&#8211; Arranque r\u00e1pido gracias a los rodetes ligeros<\/p>\n","protected":false},"excerpt":{"rendered":"<p>&#8211; Soplante radial de tres a cinco etapas para funcionamiento a presi\u00f3n &#8211; Dise\u00f1o compacto &#8211; Baja temperatura incluso con estrangulamiento &#8211; Arranque r\u00e1pido gracias a los rodetes ligeros<\/p>\n","protected":false},"featured_media":76432,"template":"","meta":[],"product_brand":[],"product_cat":[2929],"product_tag":[],"class_list":{"0":"post-91542","1":"product","2":"type-product","3":"status-publish","4":"has-post-thumbnail","6":"product_cat-compresores-y-bombas-de-vacio","7":"pa_hersteller-rietschle-elmo","8":"pa_typ-cev-3709","10":"first","11":"instock","12":"taxable","13":"shipping-taxable","14":"purchasable","15":"product-type-simple"},"jetpack_sharing_enabled":true,"_links":{"self":[{"href":"https:\/\/www.3p-gmbh.de\/es\/wp-json\/wp\/v2\/product\/91542","targetHints":{"allow":["GET"]}}],"collection":[{"href":"https:\/\/www.3p-gmbh.de\/es\/wp-json\/wp\/v2\/product"}],"about":[{"href":"https:\/\/www.3p-gmbh.de\/es\/wp-json\/wp\/v2\/types\/product"}],"wp:featuredmedia":[{"embeddable":true,"href":"https:\/\/www.3p-gmbh.de\/es\/wp-json\/wp\/v2\/media\/76432"}],"wp:attachment":[{"href":"https:\/\/www.3p-gmbh.de\/es\/wp-json\/wp\/v2\/media?parent=91542"}],"wp:term":[{"taxonomy":"product_brand","embeddable":true,"href":"https:\/\/www.3p-gmbh.de\/es\/wp-json\/wp\/v2\/product_brand?post=91542"},{"taxonomy":"product_cat","embeddable":true,"href":"https:\/\/www.3p-gmbh.de\/es\/wp-json\/wp\/v2\/product_cat?post=91542"},{"taxonomy":"product_tag","embeddable":true,"href":"https:\/\/www.3p-gmbh.de\/es\/wp-json\/wp\/v2\/product_tag?post=91542"}],"curies":[{"name":"wp","href":"https:\/\/api.w.org\/{rel}","templated":true}]}}