{"id":91502,"date":"2019-12-19T11:00:23","date_gmt":"2019-12-19T11:00:23","guid":{"rendered":"https:\/\/www.3p-gmbh.de\/produkt\/manual-oht-de-heidelberg-consejos-para-el-operador-de-la-maquina\/"},"modified":"2019-12-19T11:00:23","modified_gmt":"2019-12-19T11:00:23","slug":"heidelberg-oht-handbook-winke-fuer-den-maschinenmeister","status":"publish","type":"product","link":"https:\/\/www.3p-gmbh.de\/es\/produkt\/heidelberg-oht-handbook-winke-fuer-den-maschinenmeister\/","title":{"rendered":"Manual OHT de Heidelberg \u00abConsejos para el operador de la m\u00e1quina"},"content":{"rendered":"<ul>\n<li>N\u00famero de mayo de 1969<\/li>\n<li>\u00abWinke f\u00fcr den Maschinenmeister\u00bb en las prensas autom\u00e1ticas de platina originales de Heidelberg<\/li>\n<li>Encuadernaci\u00f3n perfecta<\/li>\n<li>152 p\u00e1ginas<\/li>\n<\/ul>\n","protected":false},"excerpt":{"rendered":"<p>N\u00famero de mayo de 1969 \u00abWinke f\u00fcr den Maschinenmeister\u00bb en las prensas autom\u00e1ticas de platina originales de Heidelberg Encuadernaci\u00f3n perfecta 152 p\u00e1ginas<\/p>\n","protected":false},"featured_media":76639,"template":"","meta":[],"product_brand":[],"product_cat":[2880],"product_tag":[],"class_list":{"0":"post-91502","1":"product","2":"type-product","3":"status-publish","4":"has-post-thumbnail","6":"product_cat-tipografia","7":"pa_hersteller-heidelberg","9":"first","10":"instock","11":"taxable","12":"shipping-taxable","13":"purchasable","14":"product-type-simple"},"jetpack_sharing_enabled":true,"_links":{"self":[{"href":"https:\/\/www.3p-gmbh.de\/es\/wp-json\/wp\/v2\/product\/91502","targetHints":{"allow":["GET"]}}],"collection":[{"href":"https:\/\/www.3p-gmbh.de\/es\/wp-json\/wp\/v2\/product"}],"about":[{"href":"https:\/\/www.3p-gmbh.de\/es\/wp-json\/wp\/v2\/types\/product"}],"wp:featuredmedia":[{"embeddable":true,"href":"https:\/\/www.3p-gmbh.de\/es\/wp-json\/wp\/v2\/media\/76639"}],"wp:attachment":[{"href":"https:\/\/www.3p-gmbh.de\/es\/wp-json\/wp\/v2\/media?parent=91502"}],"wp:term":[{"taxonomy":"product_brand","embeddable":true,"href":"https:\/\/www.3p-gmbh.de\/es\/wp-json\/wp\/v2\/product_brand?post=91502"},{"taxonomy":"product_cat","embeddable":true,"href":"https:\/\/www.3p-gmbh.de\/es\/wp-json\/wp\/v2\/product_cat?post=91502"},{"taxonomy":"product_tag","embeddable":true,"href":"https:\/\/www.3p-gmbh.de\/es\/wp-json\/wp\/v2\/product_tag?post=91502"}],"curies":[{"name":"wp","href":"https:\/\/api.w.org\/{rel}","templated":true}]}}