{"id":91474,"date":"2020-01-09T11:15:37","date_gmt":"2020-01-09T11:15:37","guid":{"rendered":"https:\/\/www.3p-gmbh.de\/produkt\/dispositivo-de-prensado-en-caliente-habasit-pq-51\/"},"modified":"2020-01-09T11:15:37","modified_gmt":"2020-01-09T11:15:37","slug":"dispositivo-de-prensado-en-caliente-habasit-pq-51","status":"publish","type":"product","link":"https:\/\/www.3p-gmbh.de\/es\/produkt\/dispositivo-de-prensado-en-caliente-habasit-pq-51\/","title":{"rendered":"Dispositivo de prensado en caliente Habasit PQ 51"},"content":{"rendered":"<p>para el empalme final de cintas de m\u00e1quinas y husos Habasit<br \/>\nhasta una anchura de 50 mm y un grosor de 2,5 mm con el proceso Thermofix.<\/p>\n<p>&#8211; 1 Prensa t\u00e9rmica<br \/>\n&#8211; con alicates de corte<br \/>\n&#8211; con 4 carriles gu\u00eda en las anchuras 20,25,30 y 40 mm necesarias para cada aplicaci\u00f3n.<br \/>\n&#8211; 1 pinza de refrigeraci\u00f3n<br \/>\n&#8211; 2 abrazaderas de sujeci\u00f3n<br \/>\n&#8211; Maleta<\/p>\n","protected":false},"excerpt":{"rendered":"<p>para el empalme final de cintas de m\u00e1quinas y husos Habasit hasta una anchura de 50 mm y un grosor de 2,5 mm con el proceso Thermofix. &#8211; 1 Prensa t\u00e9rmica &#8211; con alicates de corte &#8211; con 4 carriles gu\u00eda en las anchuras 20,25,30 y 40 mm necesarias para cada aplicaci\u00f3n. &#8211; 1 pinza [&hellip;]<\/p>\n","protected":false},"featured_media":76744,"template":"","meta":[],"product_brand":[],"product_cat":[2885],"product_tag":[],"class_list":{"0":"post-91474","1":"product","2":"type-product","3":"status-publish","4":"has-post-thumbnail","6":"product_cat-accesorios-para-plegadoras","8":"first","9":"instock","10":"taxable","11":"shipping-taxable","12":"purchasable","13":"product-type-simple"},"jetpack_sharing_enabled":true,"_links":{"self":[{"href":"https:\/\/www.3p-gmbh.de\/es\/wp-json\/wp\/v2\/product\/91474","targetHints":{"allow":["GET"]}}],"collection":[{"href":"https:\/\/www.3p-gmbh.de\/es\/wp-json\/wp\/v2\/product"}],"about":[{"href":"https:\/\/www.3p-gmbh.de\/es\/wp-json\/wp\/v2\/types\/product"}],"wp:featuredmedia":[{"embeddable":true,"href":"https:\/\/www.3p-gmbh.de\/es\/wp-json\/wp\/v2\/media\/76744"}],"wp:attachment":[{"href":"https:\/\/www.3p-gmbh.de\/es\/wp-json\/wp\/v2\/media?parent=91474"}],"wp:term":[{"taxonomy":"product_brand","embeddable":true,"href":"https:\/\/www.3p-gmbh.de\/es\/wp-json\/wp\/v2\/product_brand?post=91474"},{"taxonomy":"product_cat","embeddable":true,"href":"https:\/\/www.3p-gmbh.de\/es\/wp-json\/wp\/v2\/product_cat?post=91474"},{"taxonomy":"product_tag","embeddable":true,"href":"https:\/\/www.3p-gmbh.de\/es\/wp-json\/wp\/v2\/product_tag?post=91474"}],"curies":[{"name":"wp","href":"https:\/\/api.w.org\/{rel}","templated":true}]}}