{"id":91464,"date":"2020-01-13T11:26:34","date_gmt":"2020-01-13T11:26:34","guid":{"rendered":"https:\/\/www.3p-gmbh.de\/produkt\/prensa-de-fideos-de-alta-presion-korrex-max-simmel-modelo-nuremberg\/"},"modified":"2020-01-13T11:26:34","modified_gmt":"2020-01-13T11:26:34","slug":"korrex-max-simmel-alta-presion-tirador-prensa-modelo-nuernberg","status":"publish","type":"product","link":"https:\/\/www.3p-gmbh.de\/es\/produkt\/korrex-max-simmel-alta-presion-tirador-prensa-modelo-nuernberg\/","title":{"rendered":"Prensa de fideos de alta presi\u00f3n Korrex Max Simmel Modelo Nuremberg"},"content":{"rendered":"<p>Fabricadas originalmente como prensas de correcci\u00f3n para tip\u00f3grafos, de f\u00e1cil manejo, proporcionan impresiones limpias y con bordes n\u00edtidos mediante el cilindro de impresi\u00f3n con pinza para hojas.<br \/>\nLos linograbados o xilograf\u00edas bidimensionales de mayor tama\u00f1o se imprimen en su totalidad, \u00a1igual que los carteles!<\/p>\n<p>&#8211; Tama\u00f1o de la base aprox. 40&#215;50 cm<br \/>\n&#8211; con alimentador de hojas formato de mesa 38x50cm<br \/>\n&#8211; Cilindro de impresi\u00f3n con elevador y pinzas<br \/>\n&#8211; Grupo entintador de accionamiento el\u00e9ctrico con 1 rodillo distribuidor, 2 rodillos entintadores de caucho (nuevos a la entrega) y 2 distribuidores de acero, uno de ellos oscilante.<\/p>\n","protected":false},"excerpt":{"rendered":"<p>Fabricadas originalmente como prensas de correcci\u00f3n para tip\u00f3grafos, de f\u00e1cil manejo, proporcionan impresiones limpias y con bordes n\u00edtidos mediante el cilindro de impresi\u00f3n con pinza para hojas. Los linograbados o xilograf\u00edas bidimensionales de mayor tama\u00f1o se imprimen en su totalidad, \u00a1igual que los carteles! &#8211; Tama\u00f1o de la base aprox. 40&#215;50 cm &#8211; con alimentador [&hellip;]<\/p>\n","protected":false},"featured_media":76828,"template":"","meta":[],"product_brand":[],"product_cat":[2880],"product_tag":[],"class_list":{"0":"post-91464","1":"product","2":"type-product","3":"status-publish","4":"has-post-thumbnail","6":"product_cat-tipografia","7":"pa_hersteller-korrex","8":"pa_typ-nuernberg","10":"first","11":"instock","12":"taxable","13":"shipping-taxable","14":"purchasable","15":"product-type-simple"},"jetpack_sharing_enabled":true,"_links":{"self":[{"href":"https:\/\/www.3p-gmbh.de\/es\/wp-json\/wp\/v2\/product\/91464","targetHints":{"allow":["GET"]}}],"collection":[{"href":"https:\/\/www.3p-gmbh.de\/es\/wp-json\/wp\/v2\/product"}],"about":[{"href":"https:\/\/www.3p-gmbh.de\/es\/wp-json\/wp\/v2\/types\/product"}],"wp:featuredmedia":[{"embeddable":true,"href":"https:\/\/www.3p-gmbh.de\/es\/wp-json\/wp\/v2\/media\/76828"}],"wp:attachment":[{"href":"https:\/\/www.3p-gmbh.de\/es\/wp-json\/wp\/v2\/media?parent=91464"}],"wp:term":[{"taxonomy":"product_brand","embeddable":true,"href":"https:\/\/www.3p-gmbh.de\/es\/wp-json\/wp\/v2\/product_brand?post=91464"},{"taxonomy":"product_cat","embeddable":true,"href":"https:\/\/www.3p-gmbh.de\/es\/wp-json\/wp\/v2\/product_cat?post=91464"},{"taxonomy":"product_tag","embeddable":true,"href":"https:\/\/www.3p-gmbh.de\/es\/wp-json\/wp\/v2\/product_tag?post=91464"}],"curies":[{"name":"wp","href":"https:\/\/api.w.org\/{rel}","templated":true}]}}