{"id":91452,"date":"2020-02-03T15:37:40","date_gmt":"2020-02-03T15:37:40","guid":{"rendered":"https:\/\/www.3p-gmbh.de\/produkt\/plegadora-farmaceutica-de-4-hebillas-guk-fa-35-4-sva-35-var-insertable-de-pequeno-formato-guk-ks-310\/"},"modified":"2020-02-03T15:37:40","modified_gmt":"2020-02-03T15:37:40","slug":"4-bolsillo-pequeno-formato-farmaceutico-plegable-guk-fa-35-4-sva-35-var-insertable-pequeno-formato-soportado-para-entrega-ks-310","status":"publish","type":"product","link":"https:\/\/www.3p-gmbh.de\/es\/produkt\/4-bolsillo-pequeno-formato-farmaceutico-plegable-guk-fa-35-4-sva-35-var-insertable-pequeno-formato-soportado-para-entrega-ks-310\/","title":{"rendered":"Plegadora farmac\u00e9utica de 4 hebillas GUK FA 35-4-SVA 35 VAR insertable de peque\u00f1o formato GUK KS 310"},"content":{"rendered":"<p>4 bolsillos Plegadora farmac\u00e9utica de peque\u00f1o formato GUK FA 35-4-SVA 35 VAR<br \/>\nRodillos plegables nuevos en 2015<br \/>\nM\u00e1quina revisada en buen estado<\/p>\n<p>&#8211; Alimentador autom\u00e1tico de tambor SVA para papeles de 30 a 180 g\/m\u00b2.<br \/>\n&#8211; Contador IZVA 366 T<br \/>\n&#8211; Unidad de plegado 1 con 4 bolsillos de 35 cm de ancho de entrada y 4 bolsillos ciegos<br \/>\n&#8211; vertical suspendido de peque\u00f1o formato GUK KS 310<\/p>\n<p>-MA\u00e1schinenhandbuch<\/p>\n<p>formato m\u00e1ximo estaci\u00f3n I: 32 x 65 cm<br \/>\nmin Formato Estaci\u00f3n I: 6 x 9 cm<br \/>\nPliegue m\u00e1s peque\u00f1o: 15 mm<\/p>\n","protected":false},"excerpt":{"rendered":"<p>4 bolsillos Plegadora farmac\u00e9utica de peque\u00f1o formato GUK FA 35-4-SVA 35 VAR Rodillos plegables nuevos en 2015 M\u00e1quina revisada en buen estado &#8211; Alimentador autom\u00e1tico de tambor SVA para papeles de 30 a 180 g\/m\u00b2. &#8211; Contador IZVA 366 T &#8211; Unidad de plegado 1 con 4 bolsillos de 35 cm de ancho de entrada [&hellip;]<\/p>\n","protected":false},"featured_media":76966,"template":"","meta":[],"product_brand":[],"product_cat":[2982],"product_tag":[],"class_list":{"0":"post-91452","1":"product","2":"type-product","3":"status-publish","4":"has-post-thumbnail","6":"product_cat-plegadoras","7":"pa_hersteller-grieser-kunzmann-guk","8":"pa_typ-guk-fa-35-4-sva-35-var","10":"first","11":"outofstock","12":"sold-individually","13":"taxable","14":"shipping-taxable","15":"purchasable","16":"product-type-simple"},"jetpack_sharing_enabled":true,"_links":{"self":[{"href":"https:\/\/www.3p-gmbh.de\/es\/wp-json\/wp\/v2\/product\/91452","targetHints":{"allow":["GET"]}}],"collection":[{"href":"https:\/\/www.3p-gmbh.de\/es\/wp-json\/wp\/v2\/product"}],"about":[{"href":"https:\/\/www.3p-gmbh.de\/es\/wp-json\/wp\/v2\/types\/product"}],"wp:featuredmedia":[{"embeddable":true,"href":"https:\/\/www.3p-gmbh.de\/es\/wp-json\/wp\/v2\/media\/76966"}],"wp:attachment":[{"href":"https:\/\/www.3p-gmbh.de\/es\/wp-json\/wp\/v2\/media?parent=91452"}],"wp:term":[{"taxonomy":"product_brand","embeddable":true,"href":"https:\/\/www.3p-gmbh.de\/es\/wp-json\/wp\/v2\/product_brand?post=91452"},{"taxonomy":"product_cat","embeddable":true,"href":"https:\/\/www.3p-gmbh.de\/es\/wp-json\/wp\/v2\/product_cat?post=91452"},{"taxonomy":"product_tag","embeddable":true,"href":"https:\/\/www.3p-gmbh.de\/es\/wp-json\/wp\/v2\/product_tag?post=91452"}],"curies":[{"name":"wp","href":"https:\/\/api.w.org\/{rel}","templated":true}]}}