{"id":91428,"date":"2020-02-19T09:56:31","date_gmt":"2020-02-19T09:56:31","guid":{"rendered":"https:\/\/www.3p-gmbh.de\/produkt\/unidad-de-cola-fria-baumer-hhs-c-210\/"},"modified":"2020-02-19T09:56:31","modified_gmt":"2020-02-19T09:56:31","slug":"baumer-hhs-c-210-dispositivo-de-cola-fria","status":"publish","type":"product","link":"https:\/\/www.3p-gmbh.de\/es\/produkt\/baumer-hhs-c-210-dispositivo-de-cola-fria\/","title":{"rendered":"Unidad de cola fr\u00eda Baumer HHS C-210"},"content":{"rendered":"<p>Unidad de control de 2 canales, HHS C-210<br \/>\nDep\u00f3sito de cola fr\u00eda con v\u00e1lvula neum\u00e1tica y consola para la unidad de control<br \/>\nBarreras de luz,<br \/>\n1 Codificador rotatorio<br \/>\ny una boquilla de aplicaci\u00f3n (embalaje original)<br \/>\nManual<\/p>\n","protected":false},"excerpt":{"rendered":"<p>Unidad de control de 2 canales, HHS C-210 Dep\u00f3sito de cola fr\u00eda con v\u00e1lvula neum\u00e1tica y consola para la unidad de control Barreras de luz, 1 Codificador rotatorio y una boquilla de aplicaci\u00f3n (embalaje original) Manual<\/p>\n","protected":false},"featured_media":77113,"template":"","meta":[],"product_brand":[],"product_cat":[2885],"product_tag":[],"class_list":{"0":"post-91428","1":"product","2":"type-product","3":"status-publish","4":"has-post-thumbnail","6":"product_cat-accesorios-para-plegadoras","7":"pa_hersteller-baumer-hhs","8":"pa_typ-c-210","10":"first","11":"instock","12":"taxable","13":"shipping-taxable","14":"purchasable","15":"product-type-simple"},"jetpack_sharing_enabled":true,"_links":{"self":[{"href":"https:\/\/www.3p-gmbh.de\/es\/wp-json\/wp\/v2\/product\/91428","targetHints":{"allow":["GET"]}}],"collection":[{"href":"https:\/\/www.3p-gmbh.de\/es\/wp-json\/wp\/v2\/product"}],"about":[{"href":"https:\/\/www.3p-gmbh.de\/es\/wp-json\/wp\/v2\/types\/product"}],"wp:featuredmedia":[{"embeddable":true,"href":"https:\/\/www.3p-gmbh.de\/es\/wp-json\/wp\/v2\/media\/77113"}],"wp:attachment":[{"href":"https:\/\/www.3p-gmbh.de\/es\/wp-json\/wp\/v2\/media?parent=91428"}],"wp:term":[{"taxonomy":"product_brand","embeddable":true,"href":"https:\/\/www.3p-gmbh.de\/es\/wp-json\/wp\/v2\/product_brand?post=91428"},{"taxonomy":"product_cat","embeddable":true,"href":"https:\/\/www.3p-gmbh.de\/es\/wp-json\/wp\/v2\/product_cat?post=91428"},{"taxonomy":"product_tag","embeddable":true,"href":"https:\/\/www.3p-gmbh.de\/es\/wp-json\/wp\/v2\/product_tag?post=91428"}],"curies":[{"name":"wp","href":"https:\/\/api.w.org\/{rel}","templated":true}]}}