{"id":91401,"date":"2020-03-11T09:29:29","date_gmt":"2020-03-11T09:29:29","guid":{"rendered":"https:\/\/www.3p-gmbh.de\/produkt\/bickel-hk-3-90-con-transporte-por-correa-maquina-ranuradora-y-perforadora-a-motor\/"},"modified":"2020-03-11T09:29:29","modified_gmt":"2020-03-11T09:29:29","slug":"bickel-hk-3-90-maquina-ranuradora-y-perforadora-con-motor-de-colocacion-de-bandas","status":"publish","type":"product","link":"https:\/\/www.3p-gmbh.de\/es\/produkt\/bickel-hk-3-90-maquina-ranuradora-y-perforadora-con-motor-de-colocacion-de-bandas\/","title":{"rendered":"Bickel HK 3-90 con transporte por correa &#8211; M\u00e1quina ranuradora y perforadora a motor"},"content":{"rendered":"<p>Anchura de inserci\u00f3n 90 cm<\/p>\n<p>Esta m\u00e1quina con una anchura de trabajo de 90 cm se utiliza para trabajos econ\u00f3micos de perforaci\u00f3n o ranurado.<br \/>\nEl proceso de punzonado se realiza mediante un embrague accionado por el pie y controlado el\u00e9ctricamente.<br \/>\nEsto deja ambas manos libres para aplicar y alinear los arcos.<br \/>\nLas correas accionadas en la salida aumentan la productividad.<\/p>\n<p>Los accesorios incluyen un peine perforador y una hendidora incorporada.<br \/>\ny varios ataques.<\/p>\n<p>Otras herramientas disponibles previa solicitud.<\/p>\n","protected":false},"excerpt":{"rendered":"<p>Anchura de inserci\u00f3n 90 cm Esta m\u00e1quina con una anchura de trabajo de 90 cm se utiliza para trabajos econ\u00f3micos de perforaci\u00f3n o ranurado. El proceso de punzonado se realiza mediante un embrague accionado por el pie y controlado el\u00e9ctricamente. Esto deja ambas manos libres para aplicar y alinear los arcos. Las correas accionadas en [&hellip;]<\/p>\n","protected":false},"featured_media":77194,"template":"","meta":[],"product_brand":[],"product_cat":[2959],"product_tag":[],"class_list":{"0":"post-91401","1":"product","2":"type-product","3":"status-publish","4":"has-post-thumbnail","6":"product_cat-maquinas-ranuradoras-y-perforadoras","7":"pa_hersteller-bickel","8":"pa_typ-hk-3-90","10":"first","11":"instock","12":"taxable","13":"shipping-taxable","14":"purchasable","15":"product-type-simple"},"jetpack_sharing_enabled":true,"_links":{"self":[{"href":"https:\/\/www.3p-gmbh.de\/es\/wp-json\/wp\/v2\/product\/91401","targetHints":{"allow":["GET"]}}],"collection":[{"href":"https:\/\/www.3p-gmbh.de\/es\/wp-json\/wp\/v2\/product"}],"about":[{"href":"https:\/\/www.3p-gmbh.de\/es\/wp-json\/wp\/v2\/types\/product"}],"wp:featuredmedia":[{"embeddable":true,"href":"https:\/\/www.3p-gmbh.de\/es\/wp-json\/wp\/v2\/media\/77194"}],"wp:attachment":[{"href":"https:\/\/www.3p-gmbh.de\/es\/wp-json\/wp\/v2\/media?parent=91401"}],"wp:term":[{"taxonomy":"product_brand","embeddable":true,"href":"https:\/\/www.3p-gmbh.de\/es\/wp-json\/wp\/v2\/product_brand?post=91401"},{"taxonomy":"product_cat","embeddable":true,"href":"https:\/\/www.3p-gmbh.de\/es\/wp-json\/wp\/v2\/product_cat?post=91401"},{"taxonomy":"product_tag","embeddable":true,"href":"https:\/\/www.3p-gmbh.de\/es\/wp-json\/wp\/v2\/product_tag?post=91401"}],"curies":[{"name":"wp","href":"https:\/\/api.w.org\/{rel}","templated":true}]}}