{"id":91397,"date":"2020-03-18T09:37:33","date_gmt":"2020-03-18T09:37:33","guid":{"rendered":"https:\/\/www.3p-gmbh.de\/produkt\/insertadora-de-tiras-universal-vacuumatic-vuti\/"},"modified":"2020-03-18T09:37:33","modified_gmt":"2020-03-18T09:37:33","slug":"vacuumatic-universal-strip-inserter-vuti","status":"publish","type":"product","link":"https:\/\/www.3p-gmbh.de\/es\/produkt\/vacuumatic-universal-strip-inserter-vuti\/","title":{"rendered":"Insertadora de tiras universal Vacuumatic Vuti"},"content":{"rendered":"<ul>\n<li>conexi\u00f3n el\u00e9ctrica a la m\u00e1quina de impresi\u00f3n a la m\u00e1quina de impresi\u00f3n<\/li>\n<li>Introducci\u00f3n sencilla de la cantidad de recuento deseada mediante teclado y pantalla<\/li>\n<li>El canal de gu\u00eda de tiras abierto con entrada de tiras rectas, de 600 mm de longitud, simplifica la eliminaci\u00f3n de restos de papel<\/li>\n<li>Atasco de tiras (sistema de alarma autom\u00e1tico cuando se bloquea la alimentaci\u00f3n de tiras)<\/li>\n<li>Inserto regulable en altura hasta 150 cm<\/li>\n<li>Longitud de la tira ajustable de 10 a 20 cm aprox.<\/li>\n<li>recuento de 2 a 9999 hojas<\/li>\n<li>Retardo de corte 1-99 hojas<\/li>\n<li>Velocidad de recuento de hasta 120.000 Bg.\/h aprox.<\/li>\n<li>electr. Conexi\u00f3n 230 V<\/li>\n<\/ul>\n","protected":false},"excerpt":{"rendered":"<p>conexi\u00f3n el\u00e9ctrica a la m\u00e1quina de impresi\u00f3n a la m\u00e1quina de impresi\u00f3n Introducci\u00f3n sencilla de la cantidad de recuento deseada mediante teclado y pantalla El canal de gu\u00eda de tiras abierto con entrada de tiras rectas, de 600 mm de longitud, simplifica la eliminaci\u00f3n de restos de papel Atasco de tiras (sistema de alarma autom\u00e1tico [&hellip;]<\/p>\n","protected":false},"featured_media":77470,"template":"","meta":[],"product_brand":[],"product_cat":[3005],"product_tag":[],"class_list":{"0":"post-91397","1":"product","2":"type-product","3":"status-publish","4":"has-post-thumbnail","6":"product_cat-maquinas-contadoras-de-papel","7":"pa_hersteller-vacuumatic","8":"pa_typ-vuti","10":"first","11":"instock","12":"taxable","13":"shipping-taxable","14":"purchasable","15":"product-type-simple"},"jetpack_sharing_enabled":true,"_links":{"self":[{"href":"https:\/\/www.3p-gmbh.de\/es\/wp-json\/wp\/v2\/product\/91397","targetHints":{"allow":["GET"]}}],"collection":[{"href":"https:\/\/www.3p-gmbh.de\/es\/wp-json\/wp\/v2\/product"}],"about":[{"href":"https:\/\/www.3p-gmbh.de\/es\/wp-json\/wp\/v2\/types\/product"}],"wp:featuredmedia":[{"embeddable":true,"href":"https:\/\/www.3p-gmbh.de\/es\/wp-json\/wp\/v2\/media\/77470"}],"wp:attachment":[{"href":"https:\/\/www.3p-gmbh.de\/es\/wp-json\/wp\/v2\/media?parent=91397"}],"wp:term":[{"taxonomy":"product_brand","embeddable":true,"href":"https:\/\/www.3p-gmbh.de\/es\/wp-json\/wp\/v2\/product_brand?post=91397"},{"taxonomy":"product_cat","embeddable":true,"href":"https:\/\/www.3p-gmbh.de\/es\/wp-json\/wp\/v2\/product_cat?post=91397"},{"taxonomy":"product_tag","embeddable":true,"href":"https:\/\/www.3p-gmbh.de\/es\/wp-json\/wp\/v2\/product_tag?post=91397"}],"curies":[{"name":"wp","href":"https:\/\/api.w.org\/{rel}","templated":true}]}}