{"id":91376,"date":"2020-04-02T08:45:05","date_gmt":"2020-04-02T08:45:05","guid":{"rendered":"https:\/\/www.3p-gmbh.de\/produkt\/vibrador-de-mesa-con-motor-magnetico-muero-con-compartimento-para-casetes-y-fuerza-de-vibracion-regulable\/"},"modified":"2020-04-02T08:45:05","modified_gmt":"2020-04-02T08:45:05","slug":"muero-magnet-motor-table-truettler-with-cassette-compartment-and-adjustable-ruettle-strength","status":"publish","type":"product","link":"https:\/\/www.3p-gmbh.de\/es\/produkt\/muero-magnet-motor-table-truettler-with-cassette-compartment-and-adjustable-ruettle-strength\/","title":{"rendered":"Vibrador de mesa con motor magn\u00e9tico M\u00fcro con compartimento para casetes y fuerza de vibraci\u00f3n regulable"},"content":{"rendered":"<p>220 voltios<\/p>\n","protected":false},"excerpt":{"rendered":"<p>220 voltios<\/p>\n","protected":false},"featured_media":77551,"template":"","meta":[],"product_brand":[],"product_cat":[2894],"product_tag":[],"class_list":{"0":"post-91376","1":"product","2":"type-product","3":"status-publish","4":"has-post-thumbnail","6":"product_cat-surtido-encuadernacion","7":"pa_hersteller-muero","9":"first","10":"instock","11":"taxable","12":"shipping-taxable","13":"purchasable","14":"product-type-simple"},"jetpack_sharing_enabled":true,"_links":{"self":[{"href":"https:\/\/www.3p-gmbh.de\/es\/wp-json\/wp\/v2\/product\/91376","targetHints":{"allow":["GET"]}}],"collection":[{"href":"https:\/\/www.3p-gmbh.de\/es\/wp-json\/wp\/v2\/product"}],"about":[{"href":"https:\/\/www.3p-gmbh.de\/es\/wp-json\/wp\/v2\/types\/product"}],"wp:featuredmedia":[{"embeddable":true,"href":"https:\/\/www.3p-gmbh.de\/es\/wp-json\/wp\/v2\/media\/77551"}],"wp:attachment":[{"href":"https:\/\/www.3p-gmbh.de\/es\/wp-json\/wp\/v2\/media?parent=91376"}],"wp:term":[{"taxonomy":"product_brand","embeddable":true,"href":"https:\/\/www.3p-gmbh.de\/es\/wp-json\/wp\/v2\/product_brand?post=91376"},{"taxonomy":"product_cat","embeddable":true,"href":"https:\/\/www.3p-gmbh.de\/es\/wp-json\/wp\/v2\/product_cat?post=91376"},{"taxonomy":"product_tag","embeddable":true,"href":"https:\/\/www.3p-gmbh.de\/es\/wp-json\/wp\/v2\/product_tag?post=91376"}],"curies":[{"name":"wp","href":"https:\/\/api.w.org\/{rel}","templated":true}]}}