{"id":91372,"date":"2020-04-03T11:49:23","date_gmt":"2020-04-03T11:49:23","guid":{"rendered":"https:\/\/www.3p-gmbh.de\/produkt\/linea-de-corte-de-alta-velocidad-polar-92-xt-con-vibrador-ra-2-elevador-lw-450-opcional-y-bascula-cuentapiezas\/"},"modified":"2020-04-03T11:49:23","modified_gmt":"2020-04-03T11:49:23","slug":"linea-de-corte-rapido-polar-92-xt-con-ruettler-ra-2-opcional-lift-lw-450-y-escala-de-conteo","status":"publish","type":"product","link":"https:\/\/www.3p-gmbh.de\/es\/produkt\/linea-de-corte-rapido-polar-92-xt-con-ruettler-ra-2-opcional-lift-lw-450-y-escala-de-conteo\/","title":{"rendered":"L\u00ednea de corte de alta velocidad Polar 92 XT con vibrador RA-2, elevador LW 450 opcional y b\u00e1scula cuentapiezas"},"content":{"rendered":"<p>Cortadora de alta velocidad Polar 92 XT<br \/>\nA\u00f1o de fabricaci\u00f3n 2007<br \/>\ns\u00f3lo 840.707 recortes<\/p>\n<p>&#8211; Anchura de corte: 92 cm<br \/>\n&#8211; Control del programa XT Touch<br \/>\n&#8211; Barrera de luz,<br \/>\n&#8211; Mesa de aire cromada<br \/>\n&#8211; mesas air elite cromadas izquierda y derecha 75x75cm<br \/>\n&#8211; Tapa de la mesa trasera<br \/>\n&#8211; 2 cuchillos<\/p>\n<p>Estado: Mantenido<br \/>\ninmediatamente disponible<\/p>\n<p>Jogger autom\u00e1tico Polar RA-2 con rodillo de descarga neum\u00e1tica y topes de plegado neum\u00e1ticos<br \/>\nde yr. 2005<br \/>\nUna vez finalizado el proceso de vibraci\u00f3n, el aire se expulsa de la capa de corte.<br \/>\nSe puede untar 1 \u00f3 2 veces, para lo cual se puede ajustar la presi\u00f3n de prensado del primer proceso de untado y, con la mesa inclinada, tambi\u00e9n se puede \u00abuntar entre medias\u00bb.<br \/>\nSuperficie de la mesa chapada en acero inoxidable 72 x 87 cm<br \/>\nAltura de capa m\u00edn. 30 mm<br \/>\nHombre de altura de capa. 165 mm<br \/>\nAltura de la mesa 860 &#8211; 950 mm<br \/>\nConsumo de aire comprimido a 6 &#8211; 8 bar aprox. 2L\/min<br \/>\nEstado: Mantenido<br \/>\ninmediatamente disponible<\/p>\n<p>Por un cargo adicional ofrecemos de stock<br \/>\nBalanza cuentapiezas &#8211; Balanza cuentapiezas Avery Weigh-Tronix para vibradores Polar Mohr RA-2 o RA-4<br \/>\nde yr. 2011<br \/>\nPara crear capas de corte con cantidades exactas<\/p>\n<p>Polar Mohr Elevador Apilable Polar LW 450 &#8211; 1<br \/>\ndesde 2005<br \/>\nLa elevaci\u00f3n autom\u00e1tica del material a cortar permite al operario cortar de la forma que m\u00e1s le convenga.<br \/>\naltura de trabajo ergon\u00f3micamente favorable, el material se introduce en el vibrador autom\u00e1tico o directamente en la<br \/>\ncargar la m\u00e1quina de corte.<br \/>\nNo obstante, el elevador apilador tambi\u00e9n puede utilizarse para apilar material cortado<\/p>\n<p>Los elevadores apilables no tienen que anclarse en el suelo, por lo que pueden desplazarse f\u00e1cilmente sobre ruedas.<br \/>\nEst\u00e1n equipadas con barreras fotoel\u00e9ctricas de ajuste continuo para la elevaci\u00f3n o descenso autom\u00e1ticos.<\/p>\n<p>Datos t\u00e9cnicos<br \/>\nBa\u00f1era (dimensiones interiores) cm 62 x 90<br \/>\nCarrera hasta 85 cm<br \/>\nAltura (a la carrera m\u00e1xima) cm 150 (196)<br \/>\nCapacidad de carga m\u00e1xima kg 450<\/p>\n","protected":false},"excerpt":{"rendered":"<p><a href=\"https:\/\/www.3p-gmbh.de\/wp-content\/uploads\/2020\/04\/06_Produktblatt_POLAR-92_dt_01.2010.pdf\">06_Produktblatt_POLAR-92_dt_01.2010<\/a><\/p>\n","protected":false},"featured_media":77584,"template":"","meta":[],"product_brand":[],"product_cat":[3018],"product_tag":[],"class_list":{"0":"post-91372","1":"product","2":"type-product","3":"status-publish","4":"has-post-thumbnail","6":"product_cat-maquinas-de-corte-es","7":"pa_hersteller-polar-mohr","8":"pa_typ-92-xt","9":"pa_typ-bogenwaage-zaehlwaage-avery-weigh-troni","10":"pa_typ-lw-450-1","11":"pa_typ-ra-2","13":"first","14":"instock","15":"taxable","16":"shipping-taxable","17":"purchasable","18":"product-type-simple"},"jetpack_sharing_enabled":true,"_links":{"self":[{"href":"https:\/\/www.3p-gmbh.de\/es\/wp-json\/wp\/v2\/product\/91372","targetHints":{"allow":["GET"]}}],"collection":[{"href":"https:\/\/www.3p-gmbh.de\/es\/wp-json\/wp\/v2\/product"}],"about":[{"href":"https:\/\/www.3p-gmbh.de\/es\/wp-json\/wp\/v2\/types\/product"}],"wp:featuredmedia":[{"embeddable":true,"href":"https:\/\/www.3p-gmbh.de\/es\/wp-json\/wp\/v2\/media\/77584"}],"wp:attachment":[{"href":"https:\/\/www.3p-gmbh.de\/es\/wp-json\/wp\/v2\/media?parent=91372"}],"wp:term":[{"taxonomy":"product_brand","embeddable":true,"href":"https:\/\/www.3p-gmbh.de\/es\/wp-json\/wp\/v2\/product_brand?post=91372"},{"taxonomy":"product_cat","embeddable":true,"href":"https:\/\/www.3p-gmbh.de\/es\/wp-json\/wp\/v2\/product_cat?post=91372"},{"taxonomy":"product_tag","embeddable":true,"href":"https:\/\/www.3p-gmbh.de\/es\/wp-json\/wp\/v2\/product_tag?post=91372"}],"curies":[{"name":"wp","href":"https:\/\/api.w.org\/{rel}","templated":true}]}}