{"id":91361,"date":"2020-05-12T14:28:22","date_gmt":"2020-05-12T14:28:22","guid":{"rendered":"https:\/\/www.3p-gmbh.de\/produkt\/polar-automatic-jogger-ra-4-con-rodillo-de-descarga-de-aire\/"},"modified":"2020-05-12T14:28:22","modified_gmt":"2020-05-12T14:28:22","slug":"polar-ruette-automatic-ra-4-with-air-spread-roller","status":"publish","type":"product","link":"https:\/\/www.3p-gmbh.de\/es\/produkt\/polar-ruette-automatic-ra-4-with-air-spread-roller\/","title":{"rendered":"Polar Automatic Jogger RA 4 con rodillo de descarga de aire"},"content":{"rendered":"<p>Una vez finalizado el proceso de vibraci\u00f3n, el aire se expulsa de la capa de corte.<br \/>\nSe puede untar 1 \u00f3 2 veces, para lo cual se puede ajustar la presi\u00f3n de prensado del primer proceso de untado y, con la mesa inclinada, tambi\u00e9n se puede \u00abuntar entre medias\u00bb.<\/p>\n<p>Tama\u00f1o de la mesa 900x1150mm<br \/>\nAltura de capa m\u00edn. 30 mm<br \/>\nHombre de altura de capa. 80 mm<br \/>\nConsumo de aire comprimido a 6 &#8211; 8 bar aprox. 2L\/min<\/p>\n","protected":false},"excerpt":{"rendered":"<p>Una vez finalizado el proceso de vibraci\u00f3n, el aire se expulsa de la capa de corte. Se puede untar 1 \u00f3 2 veces, para lo cual se puede ajustar la presi\u00f3n de prensado del primer proceso de untado y, con la mesa inclinada, tambi\u00e9n se puede \u00abuntar entre medias\u00bb. Tama\u00f1o de la mesa 900x1150mm Altura [&hellip;]<\/p>\n","protected":false},"featured_media":77800,"template":"","meta":[],"product_brand":[],"product_cat":[3070],"product_tag":[],"class_list":{"0":"post-91361","1":"product","2":"type-product","3":"status-publish","4":"has-post-thumbnail","6":"product_cat-mesas-vibratorias-es","7":"pa_hersteller-polar-mohr","8":"pa_typ-ra-4-ra-4","10":"first","11":"instock","12":"taxable","13":"shipping-taxable","14":"product-type-simple"},"jetpack_sharing_enabled":true,"_links":{"self":[{"href":"https:\/\/www.3p-gmbh.de\/es\/wp-json\/wp\/v2\/product\/91361","targetHints":{"allow":["GET"]}}],"collection":[{"href":"https:\/\/www.3p-gmbh.de\/es\/wp-json\/wp\/v2\/product"}],"about":[{"href":"https:\/\/www.3p-gmbh.de\/es\/wp-json\/wp\/v2\/types\/product"}],"wp:featuredmedia":[{"embeddable":true,"href":"https:\/\/www.3p-gmbh.de\/es\/wp-json\/wp\/v2\/media\/77800"}],"wp:attachment":[{"href":"https:\/\/www.3p-gmbh.de\/es\/wp-json\/wp\/v2\/media?parent=91361"}],"wp:term":[{"taxonomy":"product_brand","embeddable":true,"href":"https:\/\/www.3p-gmbh.de\/es\/wp-json\/wp\/v2\/product_brand?post=91361"},{"taxonomy":"product_cat","embeddable":true,"href":"https:\/\/www.3p-gmbh.de\/es\/wp-json\/wp\/v2\/product_cat?post=91361"},{"taxonomy":"product_tag","embeddable":true,"href":"https:\/\/www.3p-gmbh.de\/es\/wp-json\/wp\/v2\/product_tag?post=91361"}],"curies":[{"name":"wp","href":"https:\/\/api.w.org\/{rel}","templated":true}]}}