{"id":91358,"date":"2020-05-12T13:38:52","date_gmt":"2020-05-12T13:38:52","guid":{"rendered":"https:\/\/www.3p-gmbh.de\/produkt\/cyklop-b6-dispensador-de-cinta-adhesiva-adhesive-technology-tape-dispenser-dispensador-de-cinta-manual\/"},"modified":"2020-05-12T13:38:52","modified_gmt":"2020-05-12T13:38:52","slug":"dispensador-de-tiras-adhesivas-cyklop-b6-dispensador-de-tiras-adhesivas-manual-dispensador-de-tiras-adhesivas","status":"publish","type":"product","link":"https:\/\/www.3p-gmbh.de\/es\/produkt\/dispensador-de-tiras-adhesivas-cyklop-b6-dispensador-de-tiras-adhesivas-manual-dispensador-de-tiras-adhesivas\/","title":{"rendered":"Cyklop B6 &#8211; Dispensador de cinta adhesiva &#8211; ADHESIVE TECHNOLOGY TAPE DISPENSER &#8211; Dispensador de cinta manual"},"content":{"rendered":"<p>Ancho de la cinta adhesiva de 20 a 100 mm<br \/>\nLongitud de cinta ajustable de 100 mm a 1.100 mm<br \/>\nDi\u00e1metro exterior del rodillo m\u00e1x. 200 mm<br \/>\nPeso aprox. 9,3 kg<\/p>\n<p>Las cintas h\u00famedas y los dispensadores de tiras se utilizan para precintar cajas de env\u00edo de forma r\u00e1pida, f\u00e1cil y eficaz.<br \/>\nLas cintas y las cajas son f\u00e1cilmente reciclables despu\u00e9s de su uso.<br \/>\nEl adhesivo se vuelve l\u00edquido durante la activaci\u00f3n y penetra en los poros del techo de la caja.<br \/>\nSe crea un efecto duna.<br \/>\nEl cierre es firme y duradero.<br \/>\nLa multibanda pasa a formar parte de la caja.<br \/>\nNi el fr\u00edo ni el calor influyen en el cierre. Las cintas adhesivas h\u00famedas y Multiband\u00ae son respetuosas con el medio ambiente.<br \/>\nEl papel kraft no contiene sustancias nocivas y puede reciclarse.<br \/>\nEl adhesivo derivado del almid\u00f3n es biodegradable y no t\u00f3xico.<br \/>\nLos refuerzos de poli\u00e9ster blanco crudo no tienen efectos nocivos para la salud ni el medio ambiente.<\/p>\n<p>Multiband\u00ae est\u00e1 disponible con dos tipos de refuerzo:<br \/>\n-con dos refuerzos longitudinales de poli\u00e9ster para una protecci\u00f3n \u00f3ptima de los bordes de la caja.<br \/>\n-con un refuerzo adicional en curva que tambi\u00e9n asegura la secci\u00f3n central.<\/p>\n","protected":false},"excerpt":{"rendered":"<p>Ancho de la cinta adhesiva de 20 a 100 mm Longitud de cinta ajustable de 100 mm a 1.100 mm Di\u00e1metro exterior del rodillo m\u00e1x. 200 mm Peso aprox. 9,3 kg Las cintas h\u00famedas y los dispensadores de tiras se utilizan para precintar cajas de env\u00edo de forma r\u00e1pida, f\u00e1cil y eficaz. Las cintas y [&hellip;]<\/p>\n","protected":false},"featured_media":77779,"template":"","meta":[],"product_brand":[],"product_cat":[3057],"product_tag":[],"class_list":{"0":"post-91358","1":"product","2":"type-product","3":"status-publish","4":"has-post-thumbnail","6":"product_cat-etiquetadora-es","7":"pa_hersteller-cyklop","8":"pa_typ-b6","10":"first","11":"instock","12":"taxable","13":"shipping-taxable","14":"product-type-simple"},"jetpack_sharing_enabled":true,"_links":{"self":[{"href":"https:\/\/www.3p-gmbh.de\/es\/wp-json\/wp\/v2\/product\/91358","targetHints":{"allow":["GET"]}}],"collection":[{"href":"https:\/\/www.3p-gmbh.de\/es\/wp-json\/wp\/v2\/product"}],"about":[{"href":"https:\/\/www.3p-gmbh.de\/es\/wp-json\/wp\/v2\/types\/product"}],"wp:featuredmedia":[{"embeddable":true,"href":"https:\/\/www.3p-gmbh.de\/es\/wp-json\/wp\/v2\/media\/77779"}],"wp:attachment":[{"href":"https:\/\/www.3p-gmbh.de\/es\/wp-json\/wp\/v2\/media?parent=91358"}],"wp:term":[{"taxonomy":"product_brand","embeddable":true,"href":"https:\/\/www.3p-gmbh.de\/es\/wp-json\/wp\/v2\/product_brand?post=91358"},{"taxonomy":"product_cat","embeddable":true,"href":"https:\/\/www.3p-gmbh.de\/es\/wp-json\/wp\/v2\/product_cat?post=91358"},{"taxonomy":"product_tag","embeddable":true,"href":"https:\/\/www.3p-gmbh.de\/es\/wp-json\/wp\/v2\/product_tag?post=91358"}],"curies":[{"name":"wp","href":"https:\/\/api.w.org\/{rel}","templated":true}]}}